{"id":22212,"date":"2019-05-22T11:37:04","date_gmt":"2019-05-22T11:37:04","guid":{"rendered":"https:\/\/bekapkapi.com\/?page_id=22212"},"modified":"2019-05-22T12:16:07","modified_gmt":"2019-05-22T12:16:07","slug":"bina-giris-ozel-tasarim","status":"publish","type":"page","link":"https:\/\/bekapkapi.com\/?page_id=22212","title":{"rendered":"Bina Giri\u015f \u00d6zel Tasar\u0131m"},"content":{"rendered":"<p>[vc_row][vc_column width=&#8221;1\/4&#8243;][dfd_single_image image_size=&#8221;thumb&#8221; hover_style=&#8221;dfd-image-shadow&#8221; box_shadow=&#8221;box_shadow_enable:disable|shadow_horizontal:0|shadow_vertical:15|shadow_blur:50|shadow_spread:0|box_shadow_color:rgba(0%2C0%2C0%2C0.45)&#8221; hover_box_shadow=&#8221;box_shadow_enable:enable|shadow_horizontal:0|shadow_vertical:15|shadow_blur:50|shadow_spread:0|box_shadow_color:rgba(0%2C0%2C0%2C0.23)&#8221; image=&#8221;22213&#8243; enable_link=&#8221;yes&#8221;][vc_column_text]<\/p>\n<p style=\"text-align: center;\">BZH V\u0130LLA MONOBLOCK &#8211; 00<\/p>\n<p>[\/vc_column_text][\/vc_column][vc_column width=&#8221;1\/4&#8243;][dfd_single_image image_size=&#8221;thumb&#8221; hover_style=&#8221;dfd-image-shadow&#8221; box_shadow=&#8221;box_shadow_enable:disable|shadow_horizontal:0|shadow_vertical:15|shadow_blur:50|shadow_spread:0|box_shadow_color:rgba(0%2C0%2C0%2C0.45)&#8221; hover_box_shadow=&#8221;box_shadow_enable:enable|shadow_horizontal:0|shadow_vertical:15|shadow_blur:50|shadow_spread:0|box_shadow_color:rgba(0%2C0%2C0%2C0.23)&#8221; image=&#8221;22214&#8243; enable_link=&#8221;yes&#8221;][vc_column_text]<\/p>\n<p style=\"text-align: center;\">BZH V\u0130LLA ULTRALAM &#8211; 002<\/p>\n<p>[\/vc_column_text][\/vc_column][vc_column width=&#8221;1\/4&#8243;][dfd_single_image image_size=&#8221;thumb&#8221; hover_style=&#8221;dfd-image-shadow&#8221; box_shadow=&#8221;box_shadow_enable:disable|shadow_horizontal:0|shadow_vertical:15|shadow_blur:50|shadow_spread:0|box_shadow_color:rgba(0%2C0%2C0%2C0.45)&#8221; hover_box_shadow=&#8221;box_shadow_enable:enable|shadow_horizontal:0|shadow_vertical:15|shadow_blur:50|shadow_spread:0|box_shadow_color:rgba(0%2C0%2C0%2C0.23)&#8221; image=&#8221;22215&#8243; enable_link=&#8221;yes&#8221;][vc_column_text]<\/p>\n<p style=\"text-align: center;\">BZH V\u0130LLA ULTRALAM &#8211; 004<\/p>\n<p>[\/vc_column_text][\/vc_column][vc_column width=&#8221;1\/4&#8243;][dfd_single_image image_size=&#8221;thumb&#8221; hover_style=&#8221;dfd-image-shadow&#8221; box_shadow=&#8221;box_shadow_enable:disable|shadow_horizontal:0|shadow_vertical:15|shadow_blur:50|shadow_spread:0|box_shadow_color:rgba(0%2C0%2C0%2C0.45)&#8221; hover_box_shadow=&#8221;box_shadow_enable:enable|shadow_horizontal:0|shadow_vertical:15|shadow_blur:50|shadow_spread:0|box_shadow_color:rgba(0%2C0%2C0%2C0.23)&#8221; image=&#8221;22216&#8243; enable_link=&#8221;yes&#8221;][vc_column_text]<\/p>\n<p style=\"text-align: center;\">BZH V\u0130LLA GRAN\u0130T TA\u00c7 &#8211; 003<\/p>\n<p>[\/vc_column_text][\/vc_column][\/vc_row][vc_row][vc_column][dfd_spacer screen_wide_spacer_size=&#8221;40&#8243; screen_normal_resolution=&#8221;1024&#8243; screen_tablet_resolution=&#8221;800&#8243; screen_mobile_resolution=&#8221;480&#8243;][\/vc_column][\/vc_row][vc_row][vc_column width=&#8221;1\/4&#8243;][dfd_single_image image_size=&#8221;thumb&#8221; hover_style=&#8221;dfd-image-shadow&#8221; box_shadow=&#8221;box_shadow_enable:disable|shadow_horizontal:0|shadow_vertical:15|shadow_blur:50|shadow_spread:0|box_shadow_color:rgba(0%2C0%2C0%2C0.45)&#8221; hover_box_shadow=&#8221;box_shadow_enable:enable|shadow_horizontal:0|shadow_vertical:15|shadow_blur:50|shadow_spread:0|box_shadow_color:rgba(0%2C0%2C0%2C0.23)&#8221; image=&#8221;22217&#8243; enable_link=&#8221;yes&#8221;][vc_column_text]<\/p>\n<p style=\"text-align: center;\">BZH V\u0130LLA MONOBLOCK &#8211; 005<\/p>\n<p>[\/vc_column_text][\/vc_column][vc_column width=&#8221;1\/4&#8243;][dfd_single_image image_size=&#8221;thumb&#8221; hover_style=&#8221;dfd-image-shadow&#8221; box_shadow=&#8221;box_shadow_enable:disable|shadow_horizontal:0|shadow_vertical:15|shadow_blur:50|shadow_spread:0|box_shadow_color:rgba(0%2C0%2C0%2C0.45)&#8221; hover_box_shadow=&#8221;box_shadow_enable:enable|shadow_horizontal:0|shadow_vertical:15|shadow_blur:50|shadow_spread:0|box_shadow_color:rgba(0%2C0%2C0%2C0.23)&#8221; image=&#8221;22218&#8243; enable_link=&#8221;yes&#8221;][vc_column_text]<\/p>\n<p style=\"text-align: center;\">BZH \u0130THAL A\u00c7IK CEV\u0130Z &#8211; 006<\/p>\n<p>[\/vc_column_text][\/vc_column][vc_column width=&#8221;1\/4&#8243;][dfd_single_image image_size=&#8221;thumb&#8221; hover_style=&#8221;dfd-image-shadow&#8221; box_shadow=&#8221;box_shadow_enable:disable|shadow_horizontal:0|shadow_vertical:15|shadow_blur:50|shadow_spread:0|box_shadow_color:rgba(0%2C0%2C0%2C0.45)&#8221; hover_box_shadow=&#8221;box_shadow_enable:enable|shadow_horizontal:0|shadow_vertical:15|shadow_blur:50|shadow_spread:0|box_shadow_color:rgba(0%2C0%2C0%2C0.23)&#8221; image=&#8221;22219&#8243; enable_link=&#8221;yes&#8221;][vc_column_text]<\/p>\n<p style=\"text-align: center;\">BZH V\u0130LLA MONOBLOCK &#8211; 007<\/p>\n<p>[\/vc_column_text][\/vc_column][vc_column width=&#8221;1\/4&#8243;][dfd_single_image image_size=&#8221;thumb&#8221; hover_style=&#8221;dfd-image-shadow&#8221; box_shadow=&#8221;box_shadow_enable:disable|shadow_horizontal:0|shadow_vertical:15|shadow_blur:50|shadow_spread:0|box_shadow_color:rgba(0%2C0%2C0%2C0.45)&#8221; hover_box_shadow=&#8221;box_shadow_enable:enable|shadow_horizontal:0|shadow_vertical:15|shadow_blur:50|shadow_spread:0|box_shadow_color:rgba(0%2C0%2C0%2C0.23)&#8221; image=&#8221;22220&#8243; enable_link=&#8221;yes&#8221;][vc_column_text]<\/p>\n<p style=\"text-align: center;\">BZH V\u0130LLA ULTRALAM &#8211; 008<\/p>\n<p>[\/vc_column_text][\/vc_column][\/vc_row][vc_row][vc_column][dfd_spacer screen_wide_spacer_size=&#8221;40&#8243; screen_normal_resolution=&#8221;1024&#8243; screen_tablet_resolution=&#8221;800&#8243; screen_mobile_resolution=&#8221;480&#8243;][\/vc_column][\/vc_row][vc_row][vc_column width=&#8221;1\/4&#8243;][dfd_single_image image_size=&#8221;thumb&#8221; hover_style=&#8221;dfd-image-shadow&#8221; box_shadow=&#8221;box_shadow_enable:disable|shadow_horizontal:0|shadow_vertical:15|shadow_blur:50|shadow_spread:0|box_shadow_color:rgba(0%2C0%2C0%2C0.45)&#8221; hover_box_shadow=&#8221;box_shadow_enable:enable|shadow_horizontal:0|shadow_vertical:15|shadow_blur:50|shadow_spread:0|box_shadow_color:rgba(0%2C0%2C0%2C0.23)&#8221; image=&#8221;22221&#8243; enable_link=&#8221;yes&#8221;][vc_column_text]<\/p>\n<p style=\"text-align: center;\">BZH V\u0130LLA MONOBLOCK &#8211; 009<\/p>\n<p>[\/vc_column_text][\/vc_column][vc_column width=&#8221;1\/4&#8243;][dfd_single_image image_size=&#8221;thumb&#8221; hover_style=&#8221;dfd-image-shadow&#8221; box_shadow=&#8221;box_shadow_enable:disable|shadow_horizontal:0|shadow_vertical:15|shadow_blur:50|shadow_spread:0|box_shadow_color:rgba(0%2C0%2C0%2C0.45)&#8221; hover_box_shadow=&#8221;box_shadow_enable:enable|shadow_horizontal:0|shadow_vertical:15|shadow_blur:50|shadow_spread:0|box_shadow_color:rgba(0%2C0%2C0%2C0.23)&#8221; image=&#8221;22222&#8243; enable_link=&#8221;yes&#8221;][vc_column_text]<\/p>\n<p style=\"text-align: center;\">BZH V\u0130LLA PVC &#8211; 010<\/p>\n<p>[\/vc_column_text][\/vc_column][vc_column width=&#8221;1\/4&#8243;][dfd_single_image image_size=&#8221;thumb&#8221; hover_style=&#8221;dfd-image-shadow&#8221; box_shadow=&#8221;box_shadow_enable:disable|shadow_horizontal:0|shadow_vertical:15|shadow_blur:50|shadow_spread:0|box_shadow_color:rgba(0%2C0%2C0%2C0.45)&#8221; hover_box_shadow=&#8221;box_shadow_enable:enable|shadow_horizontal:0|shadow_vertical:15|shadow_blur:50|shadow_spread:0|box_shadow_color:rgba(0%2C0%2C0%2C0.23)&#8221; image=&#8221;22223&#8243; enable_link=&#8221;yes&#8221;][vc_column_text]<\/p>\n<p style=\"text-align: center;\">BZH V\u0130LLA PVC &#8211; 011<\/p>\n<p>[\/vc_column_text][\/vc_column][vc_column width=&#8221;1\/4&#8243;][dfd_single_image image_size=&#8221;thumb&#8221; hover_style=&#8221;dfd-image-shadow&#8221; box_shadow=&#8221;box_shadow_enable:disable|shadow_horizontal:0|shadow_vertical:15|shadow_blur:50|shadow_spread:0|box_shadow_color:rgba(0%2C0%2C0%2C0.45)&#8221; hover_box_shadow=&#8221;box_shadow_enable:enable|shadow_horizontal:0|shadow_vertical:15|shadow_blur:50|shadow_spread:0|box_shadow_color:rgba(0%2C0%2C0%2C0.23)&#8221; image=&#8221;22224&#8243; enable_link=&#8221;yes&#8221;][vc_column_text]<\/p>\n<p style=\"text-align: center;\">BZH ZEBRA ME\u0130E &#8211; 012<\/p>\n<p>[\/vc_column_text][\/vc_column][\/vc_row][vc_row][vc_column][dfd_spacer screen_wide_spacer_size=&#8221;40&#8243; screen_normal_resolution=&#8221;1024&#8243; screen_tablet_resolution=&#8221;800&#8243; screen_mobile_resolution=&#8221;480&#8243;][\/vc_column][\/vc_row][vc_row][vc_column width=&#8221;1\/4&#8243;][dfd_single_image image_size=&#8221;thumb&#8221; hover_style=&#8221;dfd-image-shadow&#8221; box_shadow=&#8221;box_shadow_enable:disable|shadow_horizontal:0|shadow_vertical:15|shadow_blur:50|shadow_spread:0|box_shadow_color:rgba(0%2C0%2C0%2C0.45)&#8221; hover_box_shadow=&#8221;box_shadow_enable:enable|shadow_horizontal:0|shadow_vertical:15|shadow_blur:50|shadow_spread:0|box_shadow_color:rgba(0%2C0%2C0%2C0.23)&#8221; image=&#8221;22225&#8243; enable_link=&#8221;yes&#8221;][vc_column_text]<\/p>\n<p style=\"text-align: center;\">BZH V\u0130LLA MONOBLOCK &#8211; 013<\/p>\n<p>[\/vc_column_text][\/vc_column][vc_column width=&#8221;1\/4&#8243;][dfd_single_image image_size=&#8221;thumb&#8221; hover_style=&#8221;dfd-image-shadow&#8221; box_shadow=&#8221;box_shadow_enable:disable|shadow_horizontal:0|shadow_vertical:15|shadow_blur:50|shadow_spread:0|box_shadow_color:rgba(0%2C0%2C0%2C0.45)&#8221; hover_box_shadow=&#8221;box_shadow_enable:enable|shadow_horizontal:0|shadow_vertical:15|shadow_blur:50|shadow_spread:0|box_shadow_color:rgba(0%2C0%2C0%2C0.23)&#8221; image=&#8221;22226&#8243; enable_link=&#8221;yes&#8221;][vc_column_text]<\/p>\n<p style=\"text-align: center;\">BZH V\u0130LLA LAM\u0130NANT &#8211; 014<\/p>\n<p>[\/vc_column_text][\/vc_column][vc_column width=&#8221;1\/4&#8243;][dfd_single_image image_size=&#8221;thumb&#8221; hover_style=&#8221;dfd-image-shadow&#8221; box_shadow=&#8221;box_shadow_enable:disable|shadow_horizontal:0|shadow_vertical:15|shadow_blur:50|shadow_spread:0|box_shadow_color:rgba(0%2C0%2C0%2C0.45)&#8221; hover_box_shadow=&#8221;box_shadow_enable:enable|shadow_horizontal:0|shadow_vertical:15|shadow_blur:50|shadow_spread:0|box_shadow_color:rgba(0%2C0%2C0%2C0.23)&#8221; image=&#8221;22227&#8243; enable_link=&#8221;yes&#8221;][vc_column_text]<\/p>\n<p style=\"text-align: center;\">BZH V\u0130LLA LAM\u0130NANT- 015<\/p>\n<p>[\/vc_column_text][\/vc_column][vc_column width=&#8221;1\/4&#8243;][dfd_single_image image_size=&#8221;thumb&#8221; hover_style=&#8221;dfd-image-shadow&#8221; box_shadow=&#8221;box_shadow_enable:disable|shadow_horizontal:0|shadow_vertical:15|shadow_blur:50|shadow_spread:0|box_shadow_color:rgba(0%2C0%2C0%2C0.45)&#8221; hover_box_shadow=&#8221;box_shadow_enable:enable|shadow_horizontal:0|shadow_vertical:15|shadow_blur:50|shadow_spread:0|box_shadow_color:rgba(0%2C0%2C0%2C0.23)&#8221; image=&#8221;22228&#8243; enable_link=&#8221;yes&#8221;][vc_column_text]<\/p>\n<p style=\"text-align: center;\">BZH V\u0130LLA LAM\u0130NANT &#8211; 016<\/p>\n<p>[\/vc_column_text][\/vc_column][\/vc_row][vc_row][vc_column][dfd_spacer screen_wide_spacer_size=&#8221;40&#8243; screen_normal_resolution=&#8221;1024&#8243; screen_tablet_resolution=&#8221;800&#8243; screen_mobile_resolution=&#8221;480&#8243;][\/vc_column][\/vc_row][vc_row][vc_column width=&#8221;1\/4&#8243;][dfd_single_image image_size=&#8221;thumb&#8221; hover_style=&#8221;dfd-image-shadow&#8221; box_shadow=&#8221;box_shadow_enable:disable|shadow_horizontal:0|shadow_vertical:15|shadow_blur:50|shadow_spread:0|box_shadow_color:rgba(0%2C0%2C0%2C0.45)&#8221; hover_box_shadow=&#8221;box_shadow_enable:enable|shadow_horizontal:0|shadow_vertical:15|shadow_blur:50|shadow_spread:0|box_shadow_color:rgba(0%2C0%2C0%2C0.23)&#8221; image=&#8221;22229&#8243; enable_link=&#8221;yes&#8221;][vc_column_text]<\/p>\n<p style=\"text-align: center;\">BK V\u0130LLA KOMPOZ\u0130T &#8211; 102<\/p>\n<p>[\/vc_column_text][\/vc_column][vc_column width=&#8221;1\/4&#8243;][dfd_single_image image_size=&#8221;thumb&#8221; hover_style=&#8221;dfd-image-shadow&#8221; box_shadow=&#8221;box_shadow_enable:disable|shadow_horizontal:0|shadow_vertical:15|shadow_blur:50|shadow_spread:0|box_shadow_color:rgba(0%2C0%2C0%2C0.45)&#8221; hover_box_shadow=&#8221;box_shadow_enable:enable|shadow_horizontal:0|shadow_vertical:15|shadow_blur:50|shadow_spread:0|box_shadow_color:rgba(0%2C0%2C0%2C0.23)&#8221; image=&#8221;22230&#8243; enable_link=&#8221;yes&#8221;][vc_column_text]<\/p>\n<p style=\"text-align: center;\">BK V\u0130LLA CAM METAL &#8211; 109<\/p>\n<p>[\/vc_column_text][\/vc_column][vc_column width=&#8221;1\/4&#8243;][dfd_single_image image_size=&#8221;thumb&#8221; hover_style=&#8221;dfd-image-shadow&#8221; box_shadow=&#8221;box_shadow_enable:disable|shadow_horizontal:0|shadow_vertical:15|shadow_blur:50|shadow_spread:0|box_shadow_color:rgba(0%2C0%2C0%2C0.45)&#8221; hover_box_shadow=&#8221;box_shadow_enable:enable|shadow_horizontal:0|shadow_vertical:15|shadow_blur:50|shadow_spread:0|box_shadow_color:rgba(0%2C0%2C0%2C0.23)&#8221; image=&#8221;22231&#8243; enable_link=&#8221;yes&#8221;][vc_column_text]<\/p>\n<p style=\"text-align: center;\">BK V\u0130LLA KOMPOZ\u0130T &#8211; 104<\/p>\n<p>[\/vc_column_text][\/vc_column][vc_column width=&#8221;1\/4&#8243;][dfd_single_image image_size=&#8221;thumb&#8221; hover_style=&#8221;dfd-image-shadow&#8221; box_shadow=&#8221;box_shadow_enable:disable|shadow_horizontal:0|shadow_vertical:15|shadow_blur:50|shadow_spread:0|box_shadow_color:rgba(0%2C0%2C0%2C0.45)&#8221; hover_box_shadow=&#8221;box_shadow_enable:enable|shadow_horizontal:0|shadow_vertical:15|shadow_blur:50|shadow_spread:0|box_shadow_color:rgba(0%2C0%2C0%2C0.23)&#8221; image=&#8221;22232&#8243; enable_link=&#8221;yes&#8221;][vc_column_text]<\/p>\n<p style=\"text-align: center;\">BK V\u0130LLA KOMPOZ\u0130T &#8211; 101<\/p>\n<p>[\/vc_column_text][\/vc_column][\/vc_row][vc_row][vc_column][dfd_spacer screen_wide_spacer_size=&#8221;40&#8243; screen_normal_resolution=&#8221;1024&#8243; screen_tablet_resolution=&#8221;800&#8243; screen_mobile_resolution=&#8221;480&#8243;][\/vc_column][\/vc_row][vc_row][vc_column width=&#8221;1\/4&#8243;][dfd_single_image image_size=&#8221;thumb&#8221; hover_style=&#8221;dfd-image-shadow&#8221; box_shadow=&#8221;box_shadow_enable:disable|shadow_horizontal:0|shadow_vertical:15|shadow_blur:50|shadow_spread:0|box_shadow_color:rgba(0%2C0%2C0%2C0.45)&#8221; hover_box_shadow=&#8221;box_shadow_enable:enable|shadow_horizontal:0|shadow_vertical:15|shadow_blur:50|shadow_spread:0|box_shadow_color:rgba(0%2C0%2C0%2C0.23)&#8221; image=&#8221;22233&#8243; enable_link=&#8221;yes&#8221;][vc_column_text]<\/p>\n<p style=\"text-align: center;\">BK V\u0130LLA CAM METAL &#8211; 107<\/p>\n<p>[\/vc_column_text][\/vc_column][vc_column width=&#8221;1\/4&#8243;][dfd_single_image image_size=&#8221;thumb&#8221; hover_style=&#8221;dfd-image-shadow&#8221; box_shadow=&#8221;box_shadow_enable:disable|shadow_horizontal:0|shadow_vertical:15|shadow_blur:50|shadow_spread:0|box_shadow_color:rgba(0%2C0%2C0%2C0.45)&#8221; hover_box_shadow=&#8221;box_shadow_enable:enable|shadow_horizontal:0|shadow_vertical:15|shadow_blur:50|shadow_spread:0|box_shadow_color:rgba(0%2C0%2C0%2C0.23)&#8221; image=&#8221;22234&#8243; enable_link=&#8221;yes&#8221;][vc_column_text]<\/p>\n<p style=\"text-align: center;\">BK V\u0130LLA DO\u011eAL AH\u015eAP &#8211; 103<\/p>\n<p>[\/vc_column_text][\/vc_column][vc_column width=&#8221;1\/4&#8243;][dfd_single_image image_size=&#8221;thumb&#8221; hover_style=&#8221;dfd-image-shadow&#8221; box_shadow=&#8221;box_shadow_enable:disable|shadow_horizontal:0|shadow_vertical:15|shadow_blur:50|shadow_spread:0|box_shadow_color:rgba(0%2C0%2C0%2C0.45)&#8221; hover_box_shadow=&#8221;box_shadow_enable:enable|shadow_horizontal:0|shadow_vertical:15|shadow_blur:50|shadow_spread:0|box_shadow_color:rgba(0%2C0%2C0%2C0.23)&#8221; image=&#8221;22235&#8243; enable_link=&#8221;yes&#8221;][vc_column_text]<\/p>\n<p style=\"text-align: center;\">BK V\u0130LLA CAM METAL &#8211; 108<\/p>\n<p>[\/vc_column_text][\/vc_column][vc_column width=&#8221;1\/4&#8243;][\/vc_column][\/vc_row]<\/p>\n","protected":false},"excerpt":{"rendered":"<p>[vc_row][vc_column width=&#8221;1\/4&#8243;][dfd_single_image image_size=&#8221;thumb&#8221; hover_style=&#8221;dfd-image-shadow&#8221; box_shadow=&#8221;box_shadow_enable:disable|shadow_horizontal:0|shadow_vertical:15|shadow_blur:50|shadow_spread:0|box_shadow_color:rgba(0%2C0%2C0%2C0.45)&#8221; hover_box_shadow=&#8221;box_shadow_enable:enable|shadow_horizontal:0|shadow_vertical:15|shadow_blur:50|shadow_spread:0|box_shadow_color:rgba(0%2C0%2C0%2C0.23)&#8221; image=&#8221;22213&#8243; enable_link=&#8221;yes&#8221;][vc_column_text] BZH V\u0130LLA MONOBLOCK &#8211; 00 [\/vc_column_text][\/vc_column][vc_column width=&#8221;1\/4&#8243;][dfd_single_image image_size=&#8221;thumb&#8221; hover_style=&#8221;dfd-image-shadow&#8221; box_shadow=&#8221;box_shadow_enable:disable|shadow_horizontal:0|shadow_vertical:15|shadow_blur:50|shadow_spread:0|box_shadow_color:rgba(0%2C0%2C0%2C0.45)&#8221; hover_box_shadow=&#8221;box_shadow_enable:enable|shadow_horizontal:0|shadow_vertical:15|shadow_blur:50|shadow_spread:0|box_shadow_color:rgba(0%2C0%2C0%2C0.23)&#8221; image=&#8221;22214&#8243; enable_link=&#8221;yes&#8221;][vc_column_text] BZH V\u0130LLA ULTRALAM &#8211; 002 [\/vc_column_text][\/vc_column][vc_column width=&#8221;1\/4&#8243;][dfd_single_image image_size=&#8221;thumb&#8221; hover_style=&#8221;dfd-image-shadow&#8221;<\/p>\n","protected":false},"author":1,"featured_media":0,"parent":0,"menu_order":0,"comment_status":"closed","ping_status":"closed","template":"","meta":{"footnotes":""},"class_list":["post-22212","page","type-page","status-publish","hentry"],"_links":{"self":[{"href":"https:\/\/bekapkapi.com\/index.php?rest_route=\/wp\/v2\/pages\/22212","targetHints":{"allow":["GET"]}}],"collection":[{"href":"https:\/\/bekapkapi.com\/index.php?rest_route=\/wp\/v2\/pages"}],"about":[{"href":"https:\/\/bekapkapi.com\/index.php?rest_route=\/wp\/v2\/types\/page"}],"author":[{"embeddable":true,"href":"https:\/\/bekapkapi.com\/index.php?rest_route=\/wp\/v2\/users\/1"}],"replies":[{"embeddable":true,"href":"https:\/\/bekapkapi.com\/index.php?rest_route=%2Fwp%2Fv2%2Fcomments&post=22212"}],"version-history":[{"count":2,"href":"https:\/\/bekapkapi.com\/index.php?rest_route=\/wp\/v2\/pages\/22212\/revisions"}],"predecessor-version":[{"id":22305,"href":"https:\/\/bekapkapi.com\/index.php?rest_route=\/wp\/v2\/pages\/22212\/revisions\/22305"}],"wp:attachment":[{"href":"https:\/\/bekapkapi.com\/index.php?rest_route=%2Fwp%2Fv2%2Fmedia&parent=22212"}],"curies":[{"name":"wp","href":"https:\/\/api.w.org\/{rel}","templated":true}]}}