{"id":22189,"date":"2019-05-22T11:06:46","date_gmt":"2019-05-22T11:06:46","guid":{"rendered":"https:\/\/bekapkapi.com\/?page_id=22189"},"modified":"2019-05-22T12:16:26","modified_gmt":"2019-05-22T12:16:26","slug":"dis-iklim","status":"publish","type":"page","link":"https:\/\/bekapkapi.com\/?page_id=22189","title":{"rendered":"D\u0131\u015f \u0130klim"},"content":{"rendered":"<p>[vc_row][vc_column width=&#8221;1\/4&#8243;][dfd_single_image image_size=&#8221;thumb&#8221; hover_style=&#8221;dfd-image-shadow&#8221; box_shadow=&#8221;box_shadow_enable:disable|shadow_horizontal:0|shadow_vertical:15|shadow_blur:50|shadow_spread:0|box_shadow_color:rgba(0%2C0%2C0%2C0.45)&#8221; hover_box_shadow=&#8221;box_shadow_enable:enable|shadow_horizontal:0|shadow_vertical:15|shadow_blur:50|shadow_spread:0|box_shadow_color:rgba(0%2C0%2C0%2C0.23)&#8221; image=&#8221;22193&#8243; enable_link=&#8221;yes&#8221;][vc_column_text]<\/p>\n<p style=\"text-align: center;\">BK DI\u015e \u0130KL\u0130M \/ METAL SER\u0130 &#8211; 2701<\/p>\n<p>[\/vc_column_text][\/vc_column][vc_column width=&#8221;1\/4&#8243;][dfd_single_image image_size=&#8221;thumb&#8221; hover_style=&#8221;dfd-image-shadow&#8221; box_shadow=&#8221;box_shadow_enable:disable|shadow_horizontal:0|shadow_vertical:15|shadow_blur:50|shadow_spread:0|box_shadow_color:rgba(0%2C0%2C0%2C0.45)&#8221; hover_box_shadow=&#8221;box_shadow_enable:enable|shadow_horizontal:0|shadow_vertical:15|shadow_blur:50|shadow_spread:0|box_shadow_color:rgba(0%2C0%2C0%2C0.23)&#8221; image=&#8221;22194&#8243; enable_link=&#8221;yes&#8221;][vc_column_text]<\/p>\n<p style=\"text-align: center;\">BK DI\u015e \u0130KL\u0130M \/ METAL SER\u0130 &#8211; 2703<\/p>\n<p>[\/vc_column_text][\/vc_column][vc_column width=&#8221;1\/4&#8243;][dfd_single_image image_size=&#8221;thumb&#8221; hover_style=&#8221;dfd-image-shadow&#8221; box_shadow=&#8221;box_shadow_enable:disable|shadow_horizontal:0|shadow_vertical:15|shadow_blur:50|shadow_spread:0|box_shadow_color:rgba(0%2C0%2C0%2C0.45)&#8221; hover_box_shadow=&#8221;box_shadow_enable:enable|shadow_horizontal:0|shadow_vertical:15|shadow_blur:50|shadow_spread:0|box_shadow_color:rgba(0%2C0%2C0%2C0.23)&#8221; image=&#8221;22195&#8243; enable_link=&#8221;yes&#8221;][vc_column_text]<\/p>\n<p style=\"text-align: center;\">BK DI\u015e \u0130KL\u0130M \/ METAL SER\u0130 &#8211; 2704<\/p>\n<p>[\/vc_column_text][\/vc_column][vc_column width=&#8221;1\/4&#8243;][dfd_single_image image_size=&#8221;thumb&#8221; hover_style=&#8221;dfd-image-shadow&#8221; box_shadow=&#8221;box_shadow_enable:disable|shadow_horizontal:0|shadow_vertical:15|shadow_blur:50|shadow_spread:0|box_shadow_color:rgba(0%2C0%2C0%2C0.45)&#8221; hover_box_shadow=&#8221;box_shadow_enable:enable|shadow_horizontal:0|shadow_vertical:15|shadow_blur:50|shadow_spread:0|box_shadow_color:rgba(0%2C0%2C0%2C0.23)&#8221; image=&#8221;22196&#8243; enable_link=&#8221;yes&#8221;][vc_column_text]<\/p>\n<p style=\"text-align: center;\">BK DI\u015e \u0130KL\u0130M \/ METAL SER\u0130 &#8211; 2705<\/p>\n<p>[\/vc_column_text][\/vc_column][\/vc_row][vc_row][vc_column][dfd_spacer screen_wide_spacer_size=&#8221;40&#8243; screen_normal_resolution=&#8221;1024&#8243; screen_tablet_resolution=&#8221;800&#8243; screen_mobile_resolution=&#8221;480&#8243;][\/vc_column][\/vc_row][vc_row][vc_column width=&#8221;1\/4&#8243;][dfd_single_image image_size=&#8221;thumb&#8221; hover_style=&#8221;dfd-image-shadow&#8221; box_shadow=&#8221;box_shadow_enable:disable|shadow_horizontal:0|shadow_vertical:15|shadow_blur:50|shadow_spread:0|box_shadow_color:rgba(0%2C0%2C0%2C0.45)&#8221; hover_box_shadow=&#8221;box_shadow_enable:enable|shadow_horizontal:0|shadow_vertical:15|shadow_blur:50|shadow_spread:0|box_shadow_color:rgba(0%2C0%2C0%2C0.23)&#8221; image=&#8221;22197&#8243; enable_link=&#8221;yes&#8221;][vc_column_text]<\/p>\n<p style=\"text-align: center;\">BK DI\u015e \u0130KL\u0130M \/ METAL SER\u0130 &#8211; 2702<\/p>\n<p>[\/vc_column_text][\/vc_column][vc_column width=&#8221;1\/4&#8243;][dfd_single_image image_size=&#8221;thumb&#8221; hover_style=&#8221;dfd-image-shadow&#8221; box_shadow=&#8221;box_shadow_enable:disable|shadow_horizontal:0|shadow_vertical:15|shadow_blur:50|shadow_spread:0|box_shadow_color:rgba(0%2C0%2C0%2C0.45)&#8221; hover_box_shadow=&#8221;box_shadow_enable:enable|shadow_horizontal:0|shadow_vertical:15|shadow_blur:50|shadow_spread:0|box_shadow_color:rgba(0%2C0%2C0%2C0.23)&#8221; image=&#8221;22198&#8243; enable_link=&#8221;yes&#8221;][vc_column_text]<\/p>\n<p style=\"text-align: center;\">BK DI\u015e \u0130KL\u0130M \/ METAL SER\u0130 &#8211; 2707<\/p>\n<p>[\/vc_column_text][\/vc_column][vc_column width=&#8221;1\/4&#8243;][dfd_single_image image_size=&#8221;thumb&#8221; hover_style=&#8221;dfd-image-shadow&#8221; box_shadow=&#8221;box_shadow_enable:disable|shadow_horizontal:0|shadow_vertical:15|shadow_blur:50|shadow_spread:0|box_shadow_color:rgba(0%2C0%2C0%2C0.45)&#8221; hover_box_shadow=&#8221;box_shadow_enable:enable|shadow_horizontal:0|shadow_vertical:15|shadow_blur:50|shadow_spread:0|box_shadow_color:rgba(0%2C0%2C0%2C0.23)&#8221; image=&#8221;22199&#8243; enable_link=&#8221;yes&#8221;][vc_column_text]<\/p>\n<p style=\"text-align: center;\">BK DI\u015e \u0130KL\u0130M \/ METAL SER\u0130 &#8211; 2708<\/p>\n<p>[\/vc_column_text][\/vc_column][vc_column width=&#8221;1\/4&#8243;][dfd_single_image image_size=&#8221;thumb&#8221; hover_style=&#8221;dfd-image-shadow&#8221; box_shadow=&#8221;box_shadow_enable:disable|shadow_horizontal:0|shadow_vertical:15|shadow_blur:50|shadow_spread:0|box_shadow_color:rgba(0%2C0%2C0%2C0.45)&#8221; hover_box_shadow=&#8221;box_shadow_enable:enable|shadow_horizontal:0|shadow_vertical:15|shadow_blur:50|shadow_spread:0|box_shadow_color:rgba(0%2C0%2C0%2C0.23)&#8221; image=&#8221;22200&#8243; enable_link=&#8221;yes&#8221;][vc_column_text]<\/p>\n<p style=\"text-align: center;\">BK DI\u015e \u0130KL\u0130M \/ METAL SER\u0130 &#8211; 2709<\/p>\n<p>[\/vc_column_text][\/vc_column][\/vc_row][vc_row][vc_column][dfd_spacer screen_wide_spacer_size=&#8221;40&#8243; screen_normal_resolution=&#8221;1024&#8243; screen_tablet_resolution=&#8221;800&#8243; screen_mobile_resolution=&#8221;480&#8243;][\/vc_column][\/vc_row][vc_row][vc_column width=&#8221;1\/4&#8243;][dfd_single_image image_size=&#8221;thumb&#8221; hover_style=&#8221;dfd-image-shadow&#8221; box_shadow=&#8221;box_shadow_enable:disable|shadow_horizontal:0|shadow_vertical:15|shadow_blur:50|shadow_spread:0|box_shadow_color:rgba(0%2C0%2C0%2C0.45)&#8221; hover_box_shadow=&#8221;box_shadow_enable:enable|shadow_horizontal:0|shadow_vertical:15|shadow_blur:50|shadow_spread:0|box_shadow_color:rgba(0%2C0%2C0%2C0.23)&#8221; image=&#8221;22201&#8243; enable_link=&#8221;yes&#8221;][vc_column_text]<\/p>\n<p style=\"text-align: center;\">BK DI\u015e \u0130KL\u0130M \/ METAL SER\u0130 &#8211; 2710<\/p>\n<p>[\/vc_column_text][\/vc_column][vc_column width=&#8221;1\/4&#8243;][dfd_single_image image_size=&#8221;thumb&#8221; hover_style=&#8221;dfd-image-shadow&#8221; box_shadow=&#8221;box_shadow_enable:disable|shadow_horizontal:0|shadow_vertical:15|shadow_blur:50|shadow_spread:0|box_shadow_color:rgba(0%2C0%2C0%2C0.45)&#8221; hover_box_shadow=&#8221;box_shadow_enable:enable|shadow_horizontal:0|shadow_vertical:15|shadow_blur:50|shadow_spread:0|box_shadow_color:rgba(0%2C0%2C0%2C0.23)&#8221; image=&#8221;22202&#8243; enable_link=&#8221;yes&#8221;][vc_column_text]<\/p>\n<p style=\"text-align: center;\">BK DI\u015e \u0130KL\u0130M \/ METAL SER\u0130 &#8211; 2711<\/p>\n<p>[\/vc_column_text][\/vc_column][vc_column width=&#8221;1\/4&#8243;][dfd_single_image image_size=&#8221;thumb&#8221; hover_style=&#8221;dfd-image-shadow&#8221; box_shadow=&#8221;box_shadow_enable:disable|shadow_horizontal:0|shadow_vertical:15|shadow_blur:50|shadow_spread:0|box_shadow_color:rgba(0%2C0%2C0%2C0.45)&#8221; hover_box_shadow=&#8221;box_shadow_enable:enable|shadow_horizontal:0|shadow_vertical:15|shadow_blur:50|shadow_spread:0|box_shadow_color:rgba(0%2C0%2C0%2C0.23)&#8221; image=&#8221;22203&#8243; enable_link=&#8221;yes&#8221;][vc_column_text]<\/p>\n<p style=\"text-align: center;\">BK DI\u015e \u0130KL\u0130M \/ METAL SER\u0130 &#8211; 2706<\/p>\n<p>[\/vc_column_text][\/vc_column][vc_column width=&#8221;1\/4&#8243;][dfd_single_image image_size=&#8221;thumb&#8221; hover_style=&#8221;dfd-image-shadow&#8221; box_shadow=&#8221;box_shadow_enable:disable|shadow_horizontal:0|shadow_vertical:15|shadow_blur:50|shadow_spread:0|box_shadow_color:rgba(0%2C0%2C0%2C0.45)&#8221; hover_box_shadow=&#8221;box_shadow_enable:enable|shadow_horizontal:0|shadow_vertical:15|shadow_blur:50|shadow_spread:0|box_shadow_color:rgba(0%2C0%2C0%2C0.23)&#8221; image=&#8221;22204&#8243; enable_link=&#8221;yes&#8221;][vc_column_text]<\/p>\n<p style=\"text-align: center;\">BZH GOLD 4 MONOBLOK \u0130EL\u0130K \/ STEEL Armut \/ Pear 406<\/p>\n<p>[\/vc_column_text][\/vc_column][\/vc_row][vc_row][vc_column][dfd_spacer screen_wide_spacer_size=&#8221;40&#8243; screen_normal_resolution=&#8221;1024&#8243; screen_tablet_resolution=&#8221;800&#8243; screen_mobile_resolution=&#8221;480&#8243;][\/vc_column][\/vc_row][vc_row][vc_column width=&#8221;1\/4&#8243;][dfd_single_image image_size=&#8221;thumb&#8221; hover_style=&#8221;dfd-image-shadow&#8221; box_shadow=&#8221;box_shadow_enable:disable|shadow_horizontal:0|shadow_vertical:15|shadow_blur:50|shadow_spread:0|box_shadow_color:rgba(0%2C0%2C0%2C0.45)&#8221; hover_box_shadow=&#8221;box_shadow_enable:enable|shadow_horizontal:0|shadow_vertical:15|shadow_blur:50|shadow_spread:0|box_shadow_color:rgba(0%2C0%2C0%2C0.23)&#8221; image=&#8221;22205&#8243; enable_link=&#8221;yes&#8221;][vc_column_text]<\/p>\n<p style=\"text-align: center;\">BZH GOLD 4 MONOBLOK \u0130EL\u0130K \/ STEEL Krem \/ Cream 406<\/p>\n<p>[\/vc_column_text][\/vc_column][vc_column width=&#8221;1\/4&#8243;][dfd_single_image image_size=&#8221;thumb&#8221; hover_style=&#8221;dfd-image-shadow&#8221; box_shadow=&#8221;box_shadow_enable:disable|shadow_horizontal:0|shadow_vertical:15|shadow_blur:50|shadow_spread:0|box_shadow_color:rgba(0%2C0%2C0%2C0.45)&#8221; hover_box_shadow=&#8221;box_shadow_enable:enable|shadow_horizontal:0|shadow_vertical:15|shadow_blur:50|shadow_spread:0|box_shadow_color:rgba(0%2C0%2C0%2C0.23)&#8221; image=&#8221;22206&#8243; enable_link=&#8221;yes&#8221;][vc_column_text]<\/p>\n<p style=\"text-align: center;\">BZH GOLD 4 MONOBLOK \u0130EL\u0130K \/ STEEL Mavi &#8211; Beyaz \/ Blue &#8211; White 406<\/p>\n<p>[\/vc_column_text][\/vc_column][vc_column width=&#8221;1\/4&#8243;][dfd_single_image image_size=&#8221;thumb&#8221; hover_style=&#8221;dfd-image-shadow&#8221; box_shadow=&#8221;box_shadow_enable:disable|shadow_horizontal:0|shadow_vertical:15|shadow_blur:50|shadow_spread:0|box_shadow_color:rgba(0%2C0%2C0%2C0.45)&#8221; hover_box_shadow=&#8221;box_shadow_enable:enable|shadow_horizontal:0|shadow_vertical:15|shadow_blur:50|shadow_spread:0|box_shadow_color:rgba(0%2C0%2C0%2C0.23)&#8221; image=&#8221;22207&#8243; enable_link=&#8221;yes&#8221;][vc_column_text]<\/p>\n<p style=\"text-align: center;\">BZH GOLD 4 MONOBLOK \u0130EL\u0130K \/ STEEL Mavi \/ Blue 406<\/p>\n<p>[\/vc_column_text][\/vc_column][vc_column width=&#8221;1\/4&#8243;][dfd_single_image image_size=&#8221;thumb&#8221; hover_style=&#8221;dfd-image-shadow&#8221; box_shadow=&#8221;box_shadow_enable:disable|shadow_horizontal:0|shadow_vertical:15|shadow_blur:50|shadow_spread:0|box_shadow_color:rgba(0%2C0%2C0%2C0.45)&#8221; hover_box_shadow=&#8221;box_shadow_enable:enable|shadow_horizontal:0|shadow_vertical:15|shadow_blur:50|shadow_spread:0|box_shadow_color:rgba(0%2C0%2C0%2C0.23)&#8221; image=&#8221;22208&#8243; enable_link=&#8221;yes&#8221;][vc_column_text]<\/p>\n<p style=\"text-align: center;\">BZH GOLD 4 MONOBLOK \u0130EL\u0130K \/ STEEL Ceviz \/ Walnut 406<\/p>\n<p>[\/vc_column_text][\/vc_column][\/vc_row][vc_row][vc_column][dfd_spacer screen_wide_spacer_size=&#8221;40&#8243; screen_normal_resolution=&#8221;1024&#8243; screen_tablet_resolution=&#8221;800&#8243; screen_mobile_resolution=&#8221;480&#8243;][\/vc_column][\/vc_row][vc_row][vc_column width=&#8221;1\/4&#8243;][dfd_single_image image_size=&#8221;thumb&#8221; hover_style=&#8221;dfd-image-shadow&#8221; box_shadow=&#8221;box_shadow_enable:disable|shadow_horizontal:0|shadow_vertical:15|shadow_blur:50|shadow_spread:0|box_shadow_color:rgba(0%2C0%2C0%2C0.45)&#8221; hover_box_shadow=&#8221;box_shadow_enable:enable|shadow_horizontal:0|shadow_vertical:15|shadow_blur:50|shadow_spread:0|box_shadow_color:rgba(0%2C0%2C0%2C0.23)&#8221; image=&#8221;22209&#8243; enable_link=&#8221;yes&#8221;][vc_column_text]<\/p>\n<p style=\"text-align: center;\">BZH GOLD 4 MONOBLOK \u0130EL\u0130K \/ STEEL Beyaz \/ White 406<\/p>\n<p>[\/vc_column_text][\/vc_column][vc_column width=&#8221;1\/4&#8243;][dfd_single_image image_size=&#8221;thumb&#8221; hover_style=&#8221;dfd-image-shadow&#8221; box_shadow=&#8221;box_shadow_enable:disable|shadow_horizontal:0|shadow_vertical:15|shadow_blur:50|shadow_spread:0|box_shadow_color:rgba(0%2C0%2C0%2C0.45)&#8221; hover_box_shadow=&#8221;box_shadow_enable:enable|shadow_horizontal:0|shadow_vertical:15|shadow_blur:50|shadow_spread:0|box_shadow_color:rgba(0%2C0%2C0%2C0.23)&#8221; image=&#8221;22210&#8243; enable_link=&#8221;yes&#8221;][vc_column_text]<\/p>\n<p style=\"text-align: center;\">BZH PARK DOOR 911 &#8211; \u0130THAL CEV\u0130Z \/ WOOD Ah\u015fap Desenli Boya \/ Wood Pa ern Paint<\/p>\n<p>[\/vc_column_text][\/vc_column][vc_column width=&#8221;1\/4&#8243;][\/vc_column][vc_column width=&#8221;1\/4&#8243;][\/vc_column][\/vc_row][vc_row][vc_column][dfd_spacer screen_wide_spacer_size=&#8221;40&#8243; screen_normal_resolution=&#8221;1024&#8243; screen_tablet_resolution=&#8221;800&#8243; screen_mobile_resolution=&#8221;480&#8243;][\/vc_column][\/vc_row]<\/p>\n","protected":false},"excerpt":{"rendered":"<p>[vc_row][vc_column width=&#8221;1\/4&#8243;][dfd_single_image image_size=&#8221;thumb&#8221; hover_style=&#8221;dfd-image-shadow&#8221; box_shadow=&#8221;box_shadow_enable:disable|shadow_horizontal:0|shadow_vertical:15|shadow_blur:50|shadow_spread:0|box_shadow_color:rgba(0%2C0%2C0%2C0.45)&#8221; hover_box_shadow=&#8221;box_shadow_enable:enable|shadow_horizontal:0|shadow_vertical:15|shadow_blur:50|shadow_spread:0|box_shadow_color:rgba(0%2C0%2C0%2C0.23)&#8221; image=&#8221;22193&#8243; enable_link=&#8221;yes&#8221;][vc_column_text] BK DI\u015e \u0130KL\u0130M \/ METAL SER\u0130 &#8211; 2701 [\/vc_column_text][\/vc_column][vc_column width=&#8221;1\/4&#8243;][dfd_single_image image_size=&#8221;thumb&#8221; hover_style=&#8221;dfd-image-shadow&#8221; box_shadow=&#8221;box_shadow_enable:disable|shadow_horizontal:0|shadow_vertical:15|shadow_blur:50|shadow_spread:0|box_shadow_color:rgba(0%2C0%2C0%2C0.45)&#8221; hover_box_shadow=&#8221;box_shadow_enable:enable|shadow_horizontal:0|shadow_vertical:15|shadow_blur:50|shadow_spread:0|box_shadow_color:rgba(0%2C0%2C0%2C0.23)&#8221; image=&#8221;22194&#8243; enable_link=&#8221;yes&#8221;][vc_column_text] BK DI\u015e \u0130KL\u0130M \/ METAL SER\u0130<\/p>\n","protected":false},"author":1,"featured_media":0,"parent":0,"menu_order":0,"comment_status":"closed","ping_status":"closed","template":"","meta":{"footnotes":""},"class_list":["post-22189","page","type-page","status-publish","hentry"],"_links":{"self":[{"href":"https:\/\/bekapkapi.com\/index.php?rest_route=\/wp\/v2\/pages\/22189","targetHints":{"allow":["GET"]}}],"collection":[{"href":"https:\/\/bekapkapi.com\/index.php?rest_route=\/wp\/v2\/pages"}],"about":[{"href":"https:\/\/bekapkapi.com\/index.php?rest_route=\/wp\/v2\/types\/page"}],"author":[{"embeddable":true,"href":"https:\/\/bekapkapi.com\/index.php?rest_route=\/wp\/v2\/users\/1"}],"replies":[{"embeddable":true,"href":"https:\/\/bekapkapi.com\/index.php?rest_route=%2Fwp%2Fv2%2Fcomments&post=22189"}],"version-history":[{"count":5,"href":"https:\/\/bekapkapi.com\/index.php?rest_route=\/wp\/v2\/pages\/22189\/revisions"}],"predecessor-version":[{"id":22307,"href":"https:\/\/bekapkapi.com\/index.php?rest_route=\/wp\/v2\/pages\/22189\/revisions\/22307"}],"wp:attachment":[{"href":"https:\/\/bekapkapi.com\/index.php?rest_route=%2Fwp%2Fv2%2Fmedia&parent=22189"}],"curies":[{"name":"wp","href":"https:\/\/api.w.org\/{rel}","templated":true}]}}