{"id":22052,"date":"2019-05-22T08:28:31","date_gmt":"2019-05-22T08:28:31","guid":{"rendered":"https:\/\/bekapkapi.com\/?page_id=22052"},"modified":"2019-05-22T12:15:09","modified_gmt":"2019-05-22T12:15:09","slug":"parkdoor","status":"publish","type":"page","link":"https:\/\/bekapkapi.com\/?page_id=22052","title":{"rendered":"Parkdoor"},"content":{"rendered":"<p>[vc_row][vc_column width=&#8221;1\/4&#8243;][dfd_single_image image_size=&#8221;thumb&#8221; hover_style=&#8221;dfd-image-shadow&#8221; box_shadow=&#8221;box_shadow_enable:disable|shadow_horizontal:0|shadow_vertical:15|shadow_blur:50|shadow_spread:0|box_shadow_color:rgba(0%2C0%2C0%2C0.45)&#8221; hover_box_shadow=&#8221;box_shadow_enable:enable|shadow_horizontal:0|shadow_vertical:15|shadow_blur:50|shadow_spread:0|box_shadow_color:rgba(0%2C0%2C0%2C0.23)&#8221; image=&#8221;22053&#8243; enable_link=&#8221;yes&#8221;][vc_column_text]<\/p>\n<p style=\"text-align: center;\">BZH PARK DOOR P11 &#8211; \u0130THAL CEV\u0130Z \/ WOOD Ah\u015fap Desenli Boya \/ Wood Pa ern Paint<\/p>\n<p>[\/vc_column_text][\/vc_column][vc_column width=&#8221;1\/4&#8243;][dfd_single_image image_size=&#8221;thumb&#8221; hover_style=&#8221;dfd-image-shadow&#8221; box_shadow=&#8221;box_shadow_enable:disable|shadow_horizontal:0|shadow_vertical:15|shadow_blur:50|shadow_spread:0|box_shadow_color:rgba(0%2C0%2C0%2C0.45)&#8221; hover_box_shadow=&#8221;box_shadow_enable:enable|shadow_horizontal:0|shadow_vertical:15|shadow_blur:50|shadow_spread:0|box_shadow_color:rgba(0%2C0%2C0%2C0.23)&#8221; image=&#8221;22054&#8243; enable_link=&#8221;yes&#8221;][vc_column_text]<\/p>\n<p style=\"text-align: center;\">BZH PARK DOOR P11-D\u00d6VME AKS.\/RETRO ACC. Zebra-Me\u015fe-D\u00f6vme Aks.-Antrasit Zebra Oak-Retro<\/p>\n<p>[\/vc_column_text][\/vc_column][vc_column width=&#8221;1\/4&#8243;][dfd_single_image image_size=&#8221;thumb&#8221; hover_style=&#8221;dfd-image-shadow&#8221; box_shadow=&#8221;box_shadow_enable:disable|shadow_horizontal:0|shadow_vertical:15|shadow_blur:50|shadow_spread:0|box_shadow_color:rgba(0%2C0%2C0%2C0.45)&#8221; hover_box_shadow=&#8221;box_shadow_enable:enable|shadow_horizontal:0|shadow_vertical:15|shadow_blur:50|shadow_spread:0|box_shadow_color:rgba(0%2C0%2C0%2C0.23)&#8221; image=&#8221;22055&#8243; enable_link=&#8221;yes&#8221;][vc_column_text]<\/p>\n<p style=\"text-align: center;\">BZH PARK DOOR P21 \u0130thal Ceviz &#8211; Ah\u015fap Desenli Walnut &#8211; Wood Pa ern<\/p>\n<p>[\/vc_column_text][\/vc_column][vc_column width=&#8221;1\/4&#8243;][dfd_single_image image_size=&#8221;thumb&#8221; hover_style=&#8221;dfd-image-shadow&#8221; box_shadow=&#8221;box_shadow_enable:disable|shadow_horizontal:0|shadow_vertical:15|shadow_blur:50|shadow_spread:0|box_shadow_color:rgba(0%2C0%2C0%2C0.45)&#8221; hover_box_shadow=&#8221;box_shadow_enable:enable|shadow_horizontal:0|shadow_vertical:15|shadow_blur:50|shadow_spread:0|box_shadow_color:rgba(0%2C0%2C0%2C0.23)&#8221; image=&#8221;22056&#8243; enable_link=&#8221;yes&#8221;][vc_column_text]<\/p>\n<p style=\"text-align: center;\">BZH PARK DOOR P51 Golden Ceviz &#8211; Beyaz Gold Walnut &#8211; White<\/p>\n<p>[\/vc_column_text][\/vc_column][\/vc_row][vc_row][vc_column][dfd_spacer screen_wide_spacer_size=&#8221;40&#8243; screen_normal_resolution=&#8221;1024&#8243; screen_tablet_resolution=&#8221;800&#8243; screen_mobile_resolution=&#8221;480&#8243;][\/vc_column][\/vc_row][vc_row][vc_column width=&#8221;1\/4&#8243;][dfd_single_image image_size=&#8221;thumb&#8221; hover_style=&#8221;dfd-image-shadow&#8221; box_shadow=&#8221;box_shadow_enable:disable|shadow_horizontal:0|shadow_vertical:15|shadow_blur:50|shadow_spread:0|box_shadow_color:rgba(0%2C0%2C0%2C0.45)&#8221; hover_box_shadow=&#8221;box_shadow_enable:enable|shadow_horizontal:0|shadow_vertical:15|shadow_blur:50|shadow_spread:0|box_shadow_color:rgba(0%2C0%2C0%2C0.23)&#8221; image=&#8221;22057&#8243; enable_link=&#8221;yes&#8221;][vc_column_text]<\/p>\n<p style=\"text-align: center;\">BZH PARK DOOR P51 Golden Ceviz &#8211; Antrasit Gold Walnut &#8211; Anthracite<\/p>\n<p>[\/vc_column_text][\/vc_column][vc_column width=&#8221;1\/4&#8243;][dfd_single_image image_size=&#8221;thumb&#8221; hover_style=&#8221;dfd-image-shadow&#8221; box_shadow=&#8221;box_shadow_enable:disable|shadow_horizontal:0|shadow_vertical:15|shadow_blur:50|shadow_spread:0|box_shadow_color:rgba(0%2C0%2C0%2C0.45)&#8221; hover_box_shadow=&#8221;box_shadow_enable:enable|shadow_horizontal:0|shadow_vertical:15|shadow_blur:50|shadow_spread:0|box_shadow_color:rgba(0%2C0%2C0%2C0.23)&#8221; image=&#8221;22058&#8243; enable_link=&#8221;yes&#8221;][vc_column_text]<\/p>\n<p style=\"text-align: center;\">BZH PARK DOOR P11 Golden Ceviz &#8211; Antrasit Gold Walnut &#8211; Anthracite<\/p>\n<p>[\/vc_column_text][\/vc_column][vc_column width=&#8221;1\/4&#8243;][dfd_single_image image_size=&#8221;thumb&#8221; hover_style=&#8221;dfd-image-shadow&#8221; box_shadow=&#8221;box_shadow_enable:disable|shadow_horizontal:0|shadow_vertical:15|shadow_blur:50|shadow_spread:0|box_shadow_color:rgba(0%2C0%2C0%2C0.45)&#8221; hover_box_shadow=&#8221;box_shadow_enable:enable|shadow_horizontal:0|shadow_vertical:15|shadow_blur:50|shadow_spread:0|box_shadow_color:rgba(0%2C0%2C0%2C0.23)&#8221; image=&#8221;22059&#8243; enable_link=&#8221;yes&#8221;][vc_column_text]<\/p>\n<p style=\"text-align: center;\">BZH PARK DOOR P31 Golden Ceviz &#8211; Siyah Gold Walnut &#8211; Black<\/p>\n<p>[\/vc_column_text][\/vc_column][vc_column width=&#8221;1\/4&#8243;][dfd_single_image image_size=&#8221;thumb&#8221; hover_style=&#8221;dfd-image-shadow&#8221; box_shadow=&#8221;box_shadow_enable:disable|shadow_horizontal:0|shadow_vertical:15|shadow_blur:50|shadow_spread:0|box_shadow_color:rgba(0%2C0%2C0%2C0.45)&#8221; hover_box_shadow=&#8221;box_shadow_enable:enable|shadow_horizontal:0|shadow_vertical:15|shadow_blur:50|shadow_spread:0|box_shadow_color:rgba(0%2C0%2C0%2C0.23)&#8221; image=&#8221;22060&#8243; enable_link=&#8221;yes&#8221;][vc_column_text]<\/p>\n<p style=\"text-align: center;\">BZH PARK DOOR P11 &#8211; D\u00d6VME AKS. \/ RETRO ACC. Zebra &#8211; Me\u015fe &#8211; D\u00f6vme Aks-Antrasit\/ Zebra Oak &#8211;<\/p>\n<p>[\/vc_column_text][\/vc_column][\/vc_row][vc_row][vc_column][dfd_spacer screen_wide_spacer_size=&#8221;40&#8243; screen_normal_resolution=&#8221;1024&#8243; screen_tablet_resolution=&#8221;800&#8243; screen_mobile_resolution=&#8221;480&#8243;][\/vc_column][\/vc_row][vc_row][vc_column width=&#8221;1\/4&#8243;][dfd_single_image image_size=&#8221;thumb&#8221; hover_style=&#8221;dfd-image-shadow&#8221; box_shadow=&#8221;box_shadow_enable:disable|shadow_horizontal:0|shadow_vertical:15|shadow_blur:50|shadow_spread:0|box_shadow_color:rgba(0%2C0%2C0%2C0.45)&#8221; hover_box_shadow=&#8221;box_shadow_enable:enable|shadow_horizontal:0|shadow_vertical:15|shadow_blur:50|shadow_spread:0|box_shadow_color:rgba(0%2C0%2C0%2C0.23)&#8221; image=&#8221;22061&#8243; enable_link=&#8221;yes&#8221;][vc_column_text]<\/p>\n<p style=\"text-align: center;\">BZH PARK DOOR P51 Zebra &#8211; Me\u015fe &#8211; Antrasit \/ Zebra Oak &#8211; Anthracite<\/p>\n<p>[\/vc_column_text][\/vc_column][vc_column width=&#8221;1\/4&#8243;][dfd_single_image image_size=&#8221;thumb&#8221; hover_style=&#8221;dfd-image-shadow&#8221; box_shadow=&#8221;box_shadow_enable:disable|shadow_horizontal:0|shadow_vertical:15|shadow_blur:50|shadow_spread:0|box_shadow_color:rgba(0%2C0%2C0%2C0.45)&#8221; hover_box_shadow=&#8221;box_shadow_enable:enable|shadow_horizontal:0|shadow_vertical:15|shadow_blur:50|shadow_spread:0|box_shadow_color:rgba(0%2C0%2C0%2C0.23)&#8221; image=&#8221;22062&#8243; enable_link=&#8221;yes&#8221;][vc_column_text]<\/p>\n<p style=\"text-align: center;\">BZH PARK DOOR P11 &#8211; D\u00d6VME AKS. 2 \/ RETRO ACC. Zebra &#8211; Me\u015fe &#8211; D\u00f6vme Aks2-Antrasit\/ Zebra Oak &#8211;<\/p>\n<p>[\/vc_column_text][\/vc_column][vc_column width=&#8221;1\/4&#8243;][dfd_single_image image_size=&#8221;thumb&#8221; hover_style=&#8221;dfd-image-shadow&#8221; box_shadow=&#8221;box_shadow_enable:disable|shadow_horizontal:0|shadow_vertical:15|shadow_blur:50|shadow_spread:0|box_shadow_color:rgba(0%2C0%2C0%2C0.45)&#8221; hover_box_shadow=&#8221;box_shadow_enable:enable|shadow_horizontal:0|shadow_vertical:15|shadow_blur:50|shadow_spread:0|box_shadow_color:rgba(0%2C0%2C0%2C0.23)&#8221; image=&#8221;22063&#8243; enable_link=&#8221;yes&#8221;][vc_column_text]<\/p>\n<p style=\"text-align: center;\">BZH PARK DOOR P21 Golden Ceviz &#8211; Siyah \/ Gold Walnut &#8211; Black<\/p>\n<p>[\/vc_column_text][\/vc_column][vc_column width=&#8221;1\/4&#8243;][dfd_single_image image_size=&#8221;thumb&#8221; hover_style=&#8221;dfd-image-shadow&#8221; box_shadow=&#8221;box_shadow_enable:disable|shadow_horizontal:0|shadow_vertical:15|shadow_blur:50|shadow_spread:0|box_shadow_color:rgba(0%2C0%2C0%2C0.45)&#8221; hover_box_shadow=&#8221;box_shadow_enable:enable|shadow_horizontal:0|shadow_vertical:15|shadow_blur:50|shadow_spread:0|box_shadow_color:rgba(0%2C0%2C0%2C0.23)&#8221; image=&#8221;22064&#8243; enable_link=&#8221;yes&#8221;][vc_column_text]<\/p>\n<p style=\"text-align: center;\">BZH PARK DOOR P11 &#8211; D\u00d6VME AKS. \/ RETRO ACC. \u0130thal A\u00e7\u0131k Ceviz &#8211; D\u00f6vme Aks. &#8211; Siyah<\/p>\n<p>[\/vc_column_text][\/vc_column][\/vc_row][vc_row][vc_column][dfd_spacer screen_wide_spacer_size=&#8221;40&#8243; screen_normal_resolution=&#8221;1024&#8243; screen_tablet_resolution=&#8221;800&#8243; screen_mobile_resolution=&#8221;480&#8243;][\/vc_column][\/vc_row][vc_row][vc_column width=&#8221;1\/4&#8243;][dfd_single_image image_size=&#8221;thumb&#8221; hover_style=&#8221;dfd-image-shadow&#8221; box_shadow=&#8221;box_shadow_enable:disable|shadow_horizontal:0|shadow_vertical:15|shadow_blur:50|shadow_spread:0|box_shadow_color:rgba(0%2C0%2C0%2C0.45)&#8221; hover_box_shadow=&#8221;box_shadow_enable:enable|shadow_horizontal:0|shadow_vertical:15|shadow_blur:50|shadow_spread:0|box_shadow_color:rgba(0%2C0%2C0%2C0.23)&#8221; image=&#8221;22065&#8243; enable_link=&#8221;yes&#8221;][vc_column_text]<\/p>\n<p style=\"text-align: center;\">BZH PARK DOOR 61 Golden Ceviz &#8211; Siyah \/ Gold Walnut &#8211; Black<\/p>\n<p>[\/vc_column_text][\/vc_column][vc_column width=&#8221;1\/4&#8243;][dfd_single_image image_size=&#8221;thumb&#8221; hover_style=&#8221;dfd-image-shadow&#8221; box_shadow=&#8221;box_shadow_enable:disable|shadow_horizontal:0|shadow_vertical:15|shadow_blur:50|shadow_spread:0|box_shadow_color:rgba(0%2C0%2C0%2C0.45)&#8221; hover_box_shadow=&#8221;box_shadow_enable:enable|shadow_horizontal:0|shadow_vertical:15|shadow_blur:50|shadow_spread:0|box_shadow_color:rgba(0%2C0%2C0%2C0.23)&#8221; image=&#8221;22066&#8243; enable_link=&#8221;yes&#8221;][vc_column_text]<\/p>\n<p style=\"text-align: center;\">BZH PARK DOOR P11 Freze Me\u015fe &#8211; Antrasit \/ Freze Oak &#8211; Anthracite<\/p>\n<p>[\/vc_column_text][\/vc_column][vc_column width=&#8221;1\/4&#8243;][dfd_single_image image_size=&#8221;thumb&#8221; hover_style=&#8221;dfd-image-shadow&#8221; box_shadow=&#8221;box_shadow_enable:disable|shadow_horizontal:0|shadow_vertical:15|shadow_blur:50|shadow_spread:0|box_shadow_color:rgba(0%2C0%2C0%2C0.45)&#8221; hover_box_shadow=&#8221;box_shadow_enable:enable|shadow_horizontal:0|shadow_vertical:15|shadow_blur:50|shadow_spread:0|box_shadow_color:rgba(0%2C0%2C0%2C0.23)&#8221; image=&#8221;22067&#8243; enable_link=&#8221;yes&#8221;][vc_column_text]<\/p>\n<p style=\"text-align: center;\">BZH PARK DOOR P41 Golden Ceviz &#8211; Antrasit \/ Gold Walnut &#8211; Anthracite<\/p>\n<p>[\/vc_column_text][\/vc_column][vc_column width=&#8221;1\/4&#8243;][dfd_single_image image_size=&#8221;thumb&#8221; hover_style=&#8221;dfd-image-shadow&#8221; box_shadow=&#8221;box_shadow_enable:disable|shadow_horizontal:0|shadow_vertical:15|shadow_blur:50|shadow_spread:0|box_shadow_color:rgba(0%2C0%2C0%2C0.45)&#8221; hover_box_shadow=&#8221;box_shadow_enable:enable|shadow_horizontal:0|shadow_vertical:15|shadow_blur:50|shadow_spread:0|box_shadow_color:rgba(0%2C0%2C0%2C0.23)&#8221; image=&#8221;22068&#8243; enable_link=&#8221;yes&#8221;][vc_column_text]<\/p>\n<p style=\"text-align: center;\">BZH PARK DOOR P21 Freze &#8211; Antrasit \/ Freze Oak &#8211; Anthracite<\/p>\n<p>[\/vc_column_text][\/vc_column][\/vc_row]<\/p>\n","protected":false},"excerpt":{"rendered":"<p>[vc_row][vc_column width=&#8221;1\/4&#8243;][dfd_single_image image_size=&#8221;thumb&#8221; hover_style=&#8221;dfd-image-shadow&#8221; box_shadow=&#8221;box_shadow_enable:disable|shadow_horizontal:0|shadow_vertical:15|shadow_blur:50|shadow_spread:0|box_shadow_color:rgba(0%2C0%2C0%2C0.45)&#8221; hover_box_shadow=&#8221;box_shadow_enable:enable|shadow_horizontal:0|shadow_vertical:15|shadow_blur:50|shadow_spread:0|box_shadow_color:rgba(0%2C0%2C0%2C0.23)&#8221; image=&#8221;22053&#8243; enable_link=&#8221;yes&#8221;][vc_column_text] BZH PARK DOOR P11 &#8211; \u0130THAL CEV\u0130Z \/ WOOD Ah\u015fap Desenli Boya \/ Wood Pa ern Paint [\/vc_column_text][\/vc_column][vc_column width=&#8221;1\/4&#8243;][dfd_single_image image_size=&#8221;thumb&#8221; hover_style=&#8221;dfd-image-shadow&#8221; box_shadow=&#8221;box_shadow_enable:disable|shadow_horizontal:0|shadow_vertical:15|shadow_blur:50|shadow_spread:0|box_shadow_color:rgba(0%2C0%2C0%2C0.45)&#8221;<\/p>\n","protected":false},"author":1,"featured_media":0,"parent":0,"menu_order":0,"comment_status":"closed","ping_status":"closed","template":"","meta":{"footnotes":""},"class_list":["post-22052","page","type-page","status-publish","hentry"],"_links":{"self":[{"href":"https:\/\/bekapkapi.com\/index.php?rest_route=\/wp\/v2\/pages\/22052","targetHints":{"allow":["GET"]}}],"collection":[{"href":"https:\/\/bekapkapi.com\/index.php?rest_route=\/wp\/v2\/pages"}],"about":[{"href":"https:\/\/bekapkapi.com\/index.php?rest_route=\/wp\/v2\/types\/page"}],"author":[{"embeddable":true,"href":"https:\/\/bekapkapi.com\/index.php?rest_route=\/wp\/v2\/users\/1"}],"replies":[{"embeddable":true,"href":"https:\/\/bekapkapi.com\/index.php?rest_route=%2Fwp%2Fv2%2Fcomments&post=22052"}],"version-history":[{"count":2,"href":"https:\/\/bekapkapi.com\/index.php?rest_route=\/wp\/v2\/pages\/22052\/revisions"}],"predecessor-version":[{"id":22301,"href":"https:\/\/bekapkapi.com\/index.php?rest_route=\/wp\/v2\/pages\/22052\/revisions\/22301"}],"wp:attachment":[{"href":"https:\/\/bekapkapi.com\/index.php?rest_route=%2Fwp%2Fv2%2Fmedia&parent=22052"}],"curies":[{"name":"wp","href":"https:\/\/api.w.org\/{rel}","templated":true}]}}