{"id":21902,"date":"2019-05-21T11:56:22","date_gmt":"2019-05-21T11:56:22","guid":{"rendered":"https:\/\/bekapkapi.com\/?page_id=21902"},"modified":"2019-05-22T12:28:50","modified_gmt":"2019-05-22T12:28:50","slug":"ic-kapi-ozel-tasarimlar","status":"publish","type":"page","link":"https:\/\/bekapkapi.com\/?page_id=21902","title":{"rendered":"\u0130\u00e7 Kap\u0131 \u00d6zel Tasar\u0131mlar"},"content":{"rendered":"<p>[vc_row][vc_column width=&#8221;1\/4&#8243;][dfd_single_image image_size=&#8221;thumb&#8221; hover_style=&#8221;dfd-image-shadow&#8221; box_shadow=&#8221;box_shadow_enable:disable|shadow_horizontal:0|shadow_vertical:15|shadow_blur:50|shadow_spread:0|box_shadow_color:rgba(0%2C0%2C0%2C0.45)&#8221; hover_box_shadow=&#8221;box_shadow_enable:enable|shadow_horizontal:0|shadow_vertical:15|shadow_blur:50|shadow_spread:0|box_shadow_color:rgba(0%2C0%2C0%2C0.23)&#8221; image=&#8221;21906&#8243; enable_link=&#8221;yes&#8221; tutorials=&#8221;&#8221;][vc_column_text]<\/p>\n<p style=\"text-align: center;\">BEST &#8211; D06 Z\u0130R\u0130KATO<\/p>\n<p>[\/vc_column_text][\/vc_column][vc_column width=&#8221;1\/4&#8243;][dfd_single_image image_size=&#8221;thumb&#8221; hover_style=&#8221;dfd-image-shadow&#8221; box_shadow=&#8221;box_shadow_enable:disable|shadow_horizontal:0|shadow_vertical:15|shadow_blur:50|shadow_spread:0|box_shadow_color:rgba(0%2C0%2C0%2C0.45)&#8221; hover_box_shadow=&#8221;box_shadow_enable:enable|shadow_horizontal:0|shadow_vertical:15|shadow_blur:50|shadow_spread:0|box_shadow_color:rgba(0%2C0%2C0%2C0.23)&#8221; image=&#8221;21907&#8243; enable_link=&#8221;yes&#8221; tutorials=&#8221;&#8221;][vc_column_text]<\/p>\n<p style=\"text-align: center;\">BEST &#8211; D06 Z\u0130R\u0130KATO<\/p>\n<p>[\/vc_column_text][\/vc_column][vc_column width=&#8221;1\/4&#8243;][dfd_single_image image_size=&#8221;thumb&#8221; hover_style=&#8221;dfd-image-shadow&#8221; box_shadow=&#8221;box_shadow_enable:disable|shadow_horizontal:0|shadow_vertical:15|shadow_blur:50|shadow_spread:0|box_shadow_color:rgba(0%2C0%2C0%2C0.45)&#8221; hover_box_shadow=&#8221;box_shadow_enable:enable|shadow_horizontal:0|shadow_vertical:15|shadow_blur:50|shadow_spread:0|box_shadow_color:rgba(0%2C0%2C0%2C0.23)&#8221; image=&#8221;21908&#8243; enable_link=&#8221;yes&#8221; tutorials=&#8221;&#8221;][vc_column_text]<\/p>\n<p style=\"text-align: center;\">BEST &#8211; D03 CEV\u0130Z LAKE<\/p>\n<p>[\/vc_column_text][\/vc_column][vc_column width=&#8221;1\/4&#8243;][dfd_single_image image_size=&#8221;thumb&#8221; hover_style=&#8221;dfd-image-shadow&#8221; box_shadow=&#8221;box_shadow_enable:disable|shadow_horizontal:0|shadow_vertical:15|shadow_blur:50|shadow_spread:0|box_shadow_color:rgba(0%2C0%2C0%2C0.45)&#8221; hover_box_shadow=&#8221;box_shadow_enable:enable|shadow_horizontal:0|shadow_vertical:15|shadow_blur:50|shadow_spread:0|box_shadow_color:rgba(0%2C0%2C0%2C0.23)&#8221; image=&#8221;21909&#8243; enable_link=&#8221;yes&#8221; tutorials=&#8221;&#8221;][vc_column_text]<\/p>\n<p style=\"text-align: center;\">BEST &#8211; D03 CEV\u0130Z LAKE<\/p>\n<p>[\/vc_column_text][\/vc_column][\/vc_row][vc_row][vc_column][dfd_spacer screen_wide_spacer_size=&#8221;40&#8243; screen_normal_resolution=&#8221;1024&#8243; screen_tablet_resolution=&#8221;800&#8243; screen_mobile_resolution=&#8221;480&#8243;][\/vc_column][\/vc_row][vc_row][vc_column width=&#8221;1\/4&#8243;][dfd_single_image image_size=&#8221;thumb&#8221; hover_style=&#8221;dfd-image-shadow&#8221; box_shadow=&#8221;box_shadow_enable:disable|shadow_horizontal:0|shadow_vertical:15|shadow_blur:50|shadow_spread:0|box_shadow_color:rgba(0%2C0%2C0%2C0.45)&#8221; hover_box_shadow=&#8221;box_shadow_enable:enable|shadow_horizontal:0|shadow_vertical:15|shadow_blur:50|shadow_spread:0|box_shadow_color:rgba(0%2C0%2C0%2C0.23)&#8221; image=&#8221;21910&#8243; enable_link=&#8221;yes&#8221; tutorials=&#8221;&#8221;][vc_column_text]<\/p>\n<p style=\"text-align: center;\">BEST &#8211; P05 DUBLE<\/p>\n<p>[\/vc_column_text][\/vc_column][vc_column width=&#8221;1\/4&#8243;][dfd_single_image image_size=&#8221;thumb&#8221; hover_style=&#8221;dfd-image-shadow&#8221; box_shadow=&#8221;box_shadow_enable:disable|shadow_horizontal:0|shadow_vertical:15|shadow_blur:50|shadow_spread:0|box_shadow_color:rgba(0%2C0%2C0%2C0.45)&#8221; hover_box_shadow=&#8221;box_shadow_enable:enable|shadow_horizontal:0|shadow_vertical:15|shadow_blur:50|shadow_spread:0|box_shadow_color:rgba(0%2C0%2C0%2C0.23)&#8221; image=&#8221;21911&#8243; enable_link=&#8221;yes&#8221; tutorials=&#8221;&#8221;][vc_column_text]<\/p>\n<p style=\"text-align: center;\">BEST &#8211; P08 AL\u00dcM\u0130NYUM KASA LAM\u0130NANT KANAT<\/p>\n<p>[\/vc_column_text][\/vc_column][vc_column width=&#8221;1\/4&#8243;][dfd_single_image image_size=&#8221;thumb&#8221; hover_style=&#8221;dfd-image-shadow&#8221; box_shadow=&#8221;box_shadow_enable:disable|shadow_horizontal:0|shadow_vertical:15|shadow_blur:50|shadow_spread:0|box_shadow_color:rgba(0%2C0%2C0%2C0.45)&#8221; hover_box_shadow=&#8221;box_shadow_enable:enable|shadow_horizontal:0|shadow_vertical:15|shadow_blur:50|shadow_spread:0|box_shadow_color:rgba(0%2C0%2C0%2C0.23)&#8221; image=&#8221;21912&#8243; enable_link=&#8221;yes&#8221; tutorials=&#8221;&#8221;][vc_column_text]<\/p>\n<p style=\"text-align: center;\">BEST &#8211; P06 AL\u00dcM\u0130NYUM DESTEKL\u0130 LAM\u0130NANT KAPI<\/p>\n<p>[\/vc_column_text][\/vc_column][vc_column width=&#8221;1\/4&#8243;][dfd_single_image image_size=&#8221;thumb&#8221; hover_style=&#8221;dfd-image-shadow&#8221; box_shadow=&#8221;box_shadow_enable:disable|shadow_horizontal:0|shadow_vertical:15|shadow_blur:50|shadow_spread:0|box_shadow_color:rgba(0%2C0%2C0%2C0.45)&#8221; hover_box_shadow=&#8221;box_shadow_enable:enable|shadow_horizontal:0|shadow_vertical:15|shadow_blur:50|shadow_spread:0|box_shadow_color:rgba(0%2C0%2C0%2C0.23)&#8221; image=&#8221;21913&#8243; enable_link=&#8221;yes&#8221; tutorials=&#8221;&#8221;][vc_column_text]<\/p>\n<p style=\"text-align: center;\">BEST &#8211; P10 AL\u00dcM\u0130NYUM KASA LAM\u0130NANT KANAT<\/p>\n<p>[\/vc_column_text][\/vc_column][\/vc_row][vc_row][vc_column][dfd_spacer screen_wide_spacer_size=&#8221;40&#8243; screen_normal_resolution=&#8221;1024&#8243; screen_tablet_resolution=&#8221;800&#8243; screen_mobile_resolution=&#8221;480&#8243;][\/vc_column][\/vc_row][vc_row][vc_column width=&#8221;1\/4&#8243;][dfd_single_image image_size=&#8221;thumb&#8221; hover_style=&#8221;dfd-image-shadow&#8221; box_shadow=&#8221;box_shadow_enable:disable|shadow_horizontal:0|shadow_vertical:15|shadow_blur:50|shadow_spread:0|box_shadow_color:rgba(0%2C0%2C0%2C0.45)&#8221; hover_box_shadow=&#8221;box_shadow_enable:enable|shadow_horizontal:0|shadow_vertical:15|shadow_blur:50|shadow_spread:0|box_shadow_color:rgba(0%2C0%2C0%2C0.23)&#8221; image=&#8221;21914&#8243; enable_link=&#8221;yes&#8221; tutorials=&#8221;&#8221;][vc_column_text]<\/p>\n<p style=\"text-align: center;\">BEST &#8211; P04 DUBLE<\/p>\n<p>[\/vc_column_text][\/vc_column][vc_column width=&#8221;1\/4&#8243;][\/vc_column][vc_column width=&#8221;1\/4&#8243;][\/vc_column][vc_column width=&#8221;1\/4&#8243;][\/vc_column][\/vc_row]<\/p>\n","protected":false},"excerpt":{"rendered":"<p>[vc_row][vc_column width=&#8221;1\/4&#8243;][dfd_single_image image_size=&#8221;thumb&#8221; hover_style=&#8221;dfd-image-shadow&#8221; box_shadow=&#8221;box_shadow_enable:disable|shadow_horizontal:0|shadow_vertical:15|shadow_blur:50|shadow_spread:0|box_shadow_color:rgba(0%2C0%2C0%2C0.45)&#8221; hover_box_shadow=&#8221;box_shadow_enable:enable|shadow_horizontal:0|shadow_vertical:15|shadow_blur:50|shadow_spread:0|box_shadow_color:rgba(0%2C0%2C0%2C0.23)&#8221; image=&#8221;21906&#8243; enable_link=&#8221;yes&#8221; tutorials=&#8221;&#8221;][vc_column_text] BEST &#8211; D06 Z\u0130R\u0130KATO [\/vc_column_text][\/vc_column][vc_column width=&#8221;1\/4&#8243;][dfd_single_image image_size=&#8221;thumb&#8221; hover_style=&#8221;dfd-image-shadow&#8221; box_shadow=&#8221;box_shadow_enable:disable|shadow_horizontal:0|shadow_vertical:15|shadow_blur:50|shadow_spread:0|box_shadow_color:rgba(0%2C0%2C0%2C0.45)&#8221; hover_box_shadow=&#8221;box_shadow_enable:enable|shadow_horizontal:0|shadow_vertical:15|shadow_blur:50|shadow_spread:0|box_shadow_color:rgba(0%2C0%2C0%2C0.23)&#8221; image=&#8221;21907&#8243; enable_link=&#8221;yes&#8221; tutorials=&#8221;&#8221;][vc_column_text] BEST &#8211; D06 Z\u0130R\u0130KATO [\/vc_column_text][\/vc_column][vc_column width=&#8221;1\/4&#8243;][dfd_single_image image_size=&#8221;thumb&#8221; hover_style=&#8221;dfd-image-shadow&#8221;<\/p>\n","protected":false},"author":1,"featured_media":0,"parent":0,"menu_order":0,"comment_status":"closed","ping_status":"closed","template":"","meta":{"footnotes":""},"class_list":["post-21902","page","type-page","status-publish","hentry"],"_links":{"self":[{"href":"https:\/\/bekapkapi.com\/index.php?rest_route=\/wp\/v2\/pages\/21902","targetHints":{"allow":["GET"]}}],"collection":[{"href":"https:\/\/bekapkapi.com\/index.php?rest_route=\/wp\/v2\/pages"}],"about":[{"href":"https:\/\/bekapkapi.com\/index.php?rest_route=\/wp\/v2\/types\/page"}],"author":[{"embeddable":true,"href":"https:\/\/bekapkapi.com\/index.php?rest_route=\/wp\/v2\/users\/1"}],"replies":[{"embeddable":true,"href":"https:\/\/bekapkapi.com\/index.php?rest_route=%2Fwp%2Fv2%2Fcomments&post=21902"}],"version-history":[{"count":5,"href":"https:\/\/bekapkapi.com\/index.php?rest_route=\/wp\/v2\/pages\/21902\/revisions"}],"predecessor-version":[{"id":22333,"href":"https:\/\/bekapkapi.com\/index.php?rest_route=\/wp\/v2\/pages\/21902\/revisions\/22333"}],"wp:attachment":[{"href":"https:\/\/bekapkapi.com\/index.php?rest_route=%2Fwp%2Fv2%2Fmedia&parent=21902"}],"curies":[{"name":"wp","href":"https:\/\/api.w.org\/{rel}","templated":true}]}}