{"id":21842,"date":"2019-05-21T09:11:35","date_gmt":"2019-05-21T09:11:35","guid":{"rendered":"https:\/\/bekapkapi.com\/?page_id=21842"},"modified":"2019-05-21T09:14:14","modified_gmt":"2019-05-21T09:14:14","slug":"referanslar","status":"publish","type":"page","link":"https:\/\/bekapkapi.com\/?page_id=21842","title":{"rendered":"Referanslar"},"content":{"rendered":"<ul>\n<li style=\"font-weight: 400;\"><span style=\"font-weight: 400;\">ACER \u0130N\u015eAAT<\/span><\/li>\n<li style=\"font-weight: 400;\"><span style=\"font-weight: 400;\">BOYAR \u0130N\u015eAAT<\/span><\/li>\n<li style=\"font-weight: 400;\"><span style=\"font-weight: 400;\">BEKTA\u015e \u0130N\u015eAAT<\/span><\/li>\n<li style=\"font-weight: 400;\"><span style=\"font-weight: 400;\">ES\u0130LA YAPI<\/span><\/li>\n<li style=\"font-weight: 400;\"><span style=\"font-weight: 400;\">CANSIZO\u011eLU MSC \u0130N\u015eAAT<\/span><\/li>\n<li style=\"font-weight: 400;\"><span style=\"font-weight: 400;\">FAHRETT\u0130N T\u00dcRKER \u0130N\u015e.<\/span><\/li>\n<li style=\"font-weight: 400;\"><span style=\"font-weight: 400;\">FAM\u0130RA \u0130N\u015eAAT<\/span><\/li>\n<li style=\"font-weight: 400;\"><span style=\"font-weight: 400;\">G\u00d6KTA\u015e MOB\u0130LYA<\/span><\/li>\n<li style=\"font-weight: 400;\"><span style=\"font-weight: 400;\">G\u00dcRPA G\u00dcLTEK\u0130N \u0130N\u015eAAT<\/span><\/li>\n<li style=\"font-weight: 400;\"><span style=\"font-weight: 400;\">GORA \u0130N\u015eAAT<\/span><\/li>\n<li style=\"font-weight: 400;\"><span style=\"font-weight: 400;\">G\u00d6KTA\u015e \u0130N\u015eAAT<\/span><\/li>\n<li style=\"font-weight: 400;\"><span style=\"font-weight: 400;\">G\u00dcM\u00dc\u015e \u0130KRA \u0130N\u015eAAT<\/span><\/li>\n<li style=\"font-weight: 400;\"><span style=\"font-weight: 400;\">G\u00dcRSOY \u0130N\u015eAAT<\/span><\/li>\n<li style=\"font-weight: 400;\"><span style=\"font-weight: 400;\">\u0130ZKA \u0130N\u015eAAT<\/span><\/li>\n<li style=\"font-weight: 400;\"><span style=\"font-weight: 400;\">\u0130LKUR \u0130N\u015eAAT<\/span><\/li>\n<li style=\"font-weight: 400;\"><span style=\"font-weight: 400;\">KOZA ENERJ\u0130<\/span><\/li>\n<li style=\"font-weight: 400;\"><span style=\"font-weight: 400;\">KARABEY \u0130N\u015eAAT<\/span><\/li>\n<li style=\"font-weight: 400;\"><span style=\"font-weight: 400;\">KARTAL KAPAR \u0130N\u015eAAT<\/span><\/li>\n<li style=\"font-weight: 400;\"><span style=\"font-weight: 400;\">KAHRAMAN YAPI<\/span><\/li>\n<li style=\"font-weight: 400;\"><span style=\"font-weight: 400;\">MMS M\u0130MARLIK<\/span><\/li>\n<li style=\"font-weight: 400;\"><span style=\"font-weight: 400;\">MARE NORD YAPI<\/span><\/li>\n<li style=\"font-weight: 400;\"><span style=\"font-weight: 400;\">MET\u0130N \u0130N\u015eAAT<\/span><\/li>\n<li style=\"font-weight: 400;\"><span style=\"font-weight: 400;\">NUR\u0130 KO\u00c7 \u0130N\u015eAAT<\/span><\/li>\n<li style=\"font-weight: 400;\"><span style=\"font-weight: 400;\">\u00d6MERO\u011eULLARI \u0130N\u015eAAT<\/span><\/li>\n<li style=\"font-weight: 400;\"><span style=\"font-weight: 400;\">\u00d6NDER \u0130N\u015eAAT<\/span><\/li>\n<li style=\"font-weight: 400;\"><span style=\"font-weight: 400;\">ORKUM \u0130N\u015eAAT<\/span><\/li>\n<li style=\"font-weight: 400;\"><span style=\"font-weight: 400;\">SAL\u0130HL\u0130 AH\u015eAP<\/span><\/li>\n<li style=\"font-weight: 400;\"><span style=\"font-weight: 400;\">TU\u011eRA YAPI<\/span><\/li>\n<li style=\"font-weight: 400;\"><span style=\"font-weight: 400;\">VURALTA\u015e YAPI<\/span><\/li>\n<li style=\"font-weight: 400;\"><span style=\"font-weight: 400;\">YELKENPARK KONUTLARI<\/span><\/li>\n<li style=\"font-weight: 400;\"><span style=\"font-weight: 400;\">YA\u015eAR DEM\u0130R \u0130N\u015eAAT<\/span><\/li>\n<li style=\"font-weight: 400;\"><span style=\"font-weight: 400;\">BSA DEMIR \u00c7ELIK<\/span><\/li>\n<li style=\"font-weight: 400;\"><span style=\"font-weight: 400;\">DH MIMARLIK<\/span><\/li>\n<li style=\"font-weight: 400;\"><span style=\"font-weight: 400;\">\u015eI\u015eMANO\u011eLU TAAHH\u00dcT (\u0130ZMIT\/ KOCAELI)<\/span><\/li>\n<li style=\"font-weight: 400;\"><span style=\"font-weight: 400;\">H\u00dcNER TEKNIK<\/span><\/li>\n<li style=\"font-weight: 400;\"><span style=\"font-weight: 400;\">MEHMET \u015eAHINLER \u0130N\u015eAAT<\/span><\/li>\n<li style=\"font-weight: 400;\"><span style=\"font-weight: 400;\">AYDAR \u0130N\u015eAAT<\/span><\/li>\n<li style=\"font-weight: 400;\"><span style=\"font-weight: 400;\">ERCIYES \u0130N\u015eAAT &nbsp;(DIKILI\/\u0130ZMIR)<\/span><\/li>\n<li style=\"font-weight: 400;\"><span style=\"font-weight: 400;\">\u015eEKERAMCA \u0130N\u015eAAT<\/span><\/li>\n<li style=\"font-weight: 400;\"><span style=\"font-weight: 400;\">YMY MIMARLIK \u0130N\u015eAAT<\/span><\/li>\n<li style=\"font-weight: 400;\"><span style=\"font-weight: 400;\">BIMAR<\/span><\/li>\n<li style=\"font-weight: 400;\"><span style=\"font-weight: 400;\">VOLFER \u0130N\u015eAAT<\/span><\/li>\n<li style=\"font-weight: 400;\"><span style=\"font-weight: 400;\">HIZMET EMLAK<\/span><\/li>\n<li style=\"font-weight: 400;\"><span style=\"font-weight: 400;\">RD \u0130N\u015eAAT ( \u0130NCIRLIOVA \/AYDIN)<\/span><\/li>\n<li style=\"font-weight: 400;\"><span style=\"font-weight: 400;\">\u0130\u015eKURAN \u0130N\u015eAAT<\/span><\/li>\n<li style=\"font-weight: 400;\"><span style=\"font-weight: 400;\">MY OFIS A.\u015e.<\/span><\/li>\n<li style=\"font-weight: 400;\"><span style=\"font-weight: 400;\">TURGAY KILI\u00c7 (AYVALIK)<\/span><\/li>\n<li style=\"font-weight: 400;\"><span style=\"font-weight: 400;\">ARAKS YAPI \u0130N\u015eAAT<\/span><\/li>\n<li style=\"font-weight: 400;\"><span style=\"font-weight: 400;\">KANDEMIR MOBILYA ( SEFERIHISAR\/\u0130ZMIR)<\/span><\/li>\n<li style=\"font-weight: 400;\"><span style=\"font-weight: 400;\">NISA MOBILYA (ULA\/MU\u011eLA)<\/span><\/li>\n<li style=\"font-weight: 400;\"><span style=\"font-weight: 400;\">REHA \u0130N\u015eAAT<\/span><\/li>\n<li style=\"font-weight: 400;\"><span style=\"font-weight: 400;\">\u00d6NCEL \u0130N\u015eAAT<\/span><\/li>\n<li style=\"font-weight: 400;\"><span style=\"font-weight: 400;\">YAPI 19 \u0130N\u015eAAT (MU\u011eLA)<\/span><\/li>\n<li style=\"font-weight: 400;\"><span style=\"font-weight: 400;\">KAPTAN \u0130N\u015eAAT ( SEFERIHISAR\u0130ZMIR)<\/span><\/li>\n<li style=\"font-weight: 400;\"><span style=\"font-weight: 400;\">G\u00dcNAY \u0130N\u015eAAT<\/span><\/li>\n<li style=\"font-weight: 400;\"><span style=\"font-weight: 400;\">REFIK YAVUZ \u0130N\u015eAAT<\/span><\/li>\n<li style=\"font-weight: 400;\"><span style=\"font-weight: 400;\">AKAL DI\u015e T\u0130CARET<\/span><\/li>\n<li style=\"font-weight: 400;\"><span style=\"font-weight: 400;\">KONUT \u0130N\u015eAAT (MU\u011eLA)<\/span><\/li>\n<li style=\"font-weight: 400;\"><span style=\"font-weight: 400;\">ULA\u015e GRUP \u0130N\u015eAAT ( ALIA\u011eA\/\u0130ZMIR)<\/span><\/li>\n<li style=\"font-weight: 400;\"><span style=\"font-weight: 400;\">I\u015eIK MUTFAK<\/span><\/li>\n<li style=\"font-weight: 400;\"><span style=\"font-weight: 400;\">ADATEPE GAYRIMENKUL<\/span><\/li>\n<li style=\"font-weight: 400;\"><span style=\"font-weight: 400;\">SNR \u0130N\u015eAAT ( ALIA\u011eA\/\u0130ZMIR)<\/span><\/li>\n<li style=\"font-weight: 400;\"><span style=\"font-weight: 400;\">\u015eAFAK HAZAR \u0130N\u015eAAT<\/span><\/li>\n<li style=\"font-weight: 400;\"><span style=\"font-weight: 400;\">G\u00dcNEY \u0130N\u015eAAT<\/span><\/li>\n<\/ul>\n<p>&nbsp;<\/p>\n","protected":false},"excerpt":{"rendered":"<p>ACER \u0130N\u015eAAT BOYAR \u0130N\u015eAAT BEKTA\u015e \u0130N\u015eAAT ES\u0130LA YAPI CANSIZO\u011eLU MSC \u0130N\u015eAAT FAHRETT\u0130N T\u00dcRKER \u0130N\u015e. FAM\u0130RA \u0130N\u015eAAT G\u00d6KTA\u015e MOB\u0130LYA G\u00dcRPA G\u00dcLTEK\u0130N \u0130N\u015eAAT GORA \u0130N\u015eAAT G\u00d6KTA\u015e \u0130N\u015eAAT G\u00dcM\u00dc\u015e \u0130KRA \u0130N\u015eAAT G\u00dcRSOY \u0130N\u015eAAT<\/p>\n","protected":false},"author":1,"featured_media":0,"parent":0,"menu_order":0,"comment_status":"closed","ping_status":"closed","template":"","meta":{"footnotes":""},"class_list":["post-21842","page","type-page","status-publish","hentry"],"_links":{"self":[{"href":"https:\/\/bekapkapi.com\/index.php?rest_route=\/wp\/v2\/pages\/21842","targetHints":{"allow":["GET"]}}],"collection":[{"href":"https:\/\/bekapkapi.com\/index.php?rest_route=\/wp\/v2\/pages"}],"about":[{"href":"https:\/\/bekapkapi.com\/index.php?rest_route=\/wp\/v2\/types\/page"}],"author":[{"embeddable":true,"href":"https:\/\/bekapkapi.com\/index.php?rest_route=\/wp\/v2\/users\/1"}],"replies":[{"embeddable":true,"href":"https:\/\/bekapkapi.com\/index.php?rest_route=%2Fwp%2Fv2%2Fcomments&post=21842"}],"version-history":[{"count":2,"href":"https:\/\/bekapkapi.com\/index.php?rest_route=\/wp\/v2\/pages\/21842\/revisions"}],"predecessor-version":[{"id":21844,"href":"https:\/\/bekapkapi.com\/index.php?rest_route=\/wp\/v2\/pages\/21842\/revisions\/21844"}],"wp:attachment":[{"href":"https:\/\/bekapkapi.com\/index.php?rest_route=%2Fwp%2Fv2%2Fmedia&parent=21842"}],"curies":[{"name":"wp","href":"https:\/\/api.w.org\/{rel}","templated":true}]}}