{"id":20509,"date":"2016-10-25T06:49:33","date_gmt":"2016-10-25T06:49:33","guid":{"rendered":"http:\/\/nativewptheme.net\/pages\/?page_id=20509"},"modified":"2023-12-06T11:18:48","modified_gmt":"2023-12-06T11:18:48","slug":"hakkimizda","status":"publish","type":"page","link":"https:\/\/bekapkapi.com\/?page_id=20509","title":{"rendered":"Hakk\u0131m\u0131zda"},"content":{"rendered":"<p>[vc_row][vc_column][dfd_spacer screen_wide_spacer_size=&#8221;150&#8243; screen_normal_resolution=&#8221;1280&#8243; screen_tablet_resolution=&#8221;1024&#8243; screen_mobile_resolution=&#8221;800&#8243; screen_wide_resolution=&#8221;1280&#8243; screen_normal_spacer_size=&#8221;90&#8243; screen_tablet_spacer_size=&#8221;60&#8243; screen_mobile_spacer_size=&#8221;60&#8243;][\/vc_column][\/vc_row][vc_row dfd_row_responsive_enable=&#8221;dfd-row-responsive-enable&#8221; responsive_styles=&#8221;padding_left_desktop:10|padding_right_desktop:10|padding_left_tablet:10|padding_right_tablet:10|padding_left_mobile:20|padding_right_mobile:20&#8243;][vc_column width=&#8221;1\/2&#8243; col_shadow=&#8221;box_shadow_enable:disable|shadow_horizontal:0|shadow_vertical:15|shadow_blur:50|shadow_spread:0|box_shadow_color:rgba(0%2C0%2C0%2C0.35)&#8221; col_shadow_hover=&#8221;box_shadow_enable:disable|shadow_horizontal:0|shadow_vertical:15|shadow_blur:50|shadow_spread:0|box_shadow_color:rgba(0%2C0%2C0%2C0.35)&#8221; el_class=&#8221;dfd_col-tablet-12&#8243; offset=&#8221;vc_col-lg-6 vc_col-md-6 vc_col-xs-12&#8243;][dfd_single_image hover_style=&#8221;dfd-image-shadow&#8221; box_shadow=&#8221;box_shadow_enable:enable|shadow_horizontal:10|shadow_vertical:15|shadow_blur:50|shadow_spread:0|box_shadow_color:rgba(86%2C86%2C86%2C0.42)&#8221; hover_box_shadow=&#8221;box_shadow_enable:disable|shadow_horizontal:0|shadow_vertical:15|shadow_blur:50|shadow_spread:0|box_shadow_color:rgba(0%2C0%2C0%2C0.35)&#8221; image=&#8221;22362&#8243; enable_link=&#8221;yes&#8221; img_rounded=&#8221;11&#8243; tutorials=&#8221;&#8221;][\/vc_column][vc_column width=&#8221;1\/2&#8243; el_class=&#8221;dfd_col-tablet-12&#8243; offset=&#8221;vc_col-lg-6 vc_col-md-6 vc_col-xs-12&#8243; col_shadow=&#8221;box_shadow_enable:disable|shadow_horizontal:0|shadow_vertical:15|shadow_blur:50|shadow_spread:0|box_shadow_color:rgba(0%2C0%2C0%2C0.35)&#8221; col_shadow_hover=&#8221;box_shadow_enable:disable|shadow_horizontal:0|shadow_vertical:15|shadow_blur:50|shadow_spread:0|box_shadow_color:rgba(0%2C0%2C0%2C0.35)&#8221;][dfd_spacer screen_wide_spacer_size=&#8221;35&#8243; screen_normal_resolution=&#8221;1280&#8243; screen_tablet_resolution=&#8221;1024&#8243; screen_mobile_resolution=&#8221;800&#8243; screen_wide_resolution=&#8221;1280&#8243; screen_tablet_spacer_size=&#8221;60&#8243; screen_mobile_spacer_size=&#8221;50&#8243;][dfd_heading style=&#8221;style_02&#8243; subtitle=&#8221;&#8221; content_alignment=&#8221;text-left&#8221; module_animation=&#8221;transition.slideLeftBigIn&#8221; enable_delimiter=&#8221;&#8221; undefined=&#8221;&#8221; title_font_options=&#8221;tag:h2|font_size:37|line_height:44|letter_spacing:-1.5&#8243; subtitle_font_options=&#8221;tag:h6|font_size:12&#8243; title_responsive=&#8221;font_size_desktop:30|line_height_desktop:36|font_size_tablet:30|line_height_tablet:36|font_size_mobile:24|line_height_mobile:32&#8243; subtitle_responsive=&#8221;font_size_tablet:11|font_size_mobile:10&#8243;]Bekap Kap\u0131[\/dfd_heading][dfd_spacer screen_wide_spacer_size=&#8221;10&#8243; screen_normal_resolution=&#8221;1280&#8243; screen_tablet_resolution=&#8221;1024&#8243; screen_mobile_resolution=&#8221;800&#8243; screen_wide_resolution=&#8221;1280&#8243;][vc_column_text item_animation=&#8221;transition.slideLeftBigIn&#8221;]Firmam\u0131z 2003 y\u0131l\u0131nda BEKTA\u015e \u0130N\u015eAAT TAAHH\u00dcT \u0130\u00c7 VE DI\u015e T\u0130C.LTD.\u015eT\u0130. olarak \u0130n\u015faat donan\u0131mlar\u0131, mobilya sarf malzemeleri ve aksesuar ithalat\u0131 ile ba\u015flam\u0131\u015ft\u0131r. K\u0131sa s\u00fcre zarf\u0131nda \u00fcr\u00fcn \u00e7e\u015fitlili\u011fi, bayi a\u011f\u0131 ile sekt\u00f6r\u00fcn \u00f6nde gelen tedarik\u00e7i firmalar\u0131 aras\u0131na girmi\u015ftir. Bir\u00e7ok \u00fcretici firma ile \u00e7\u00f6z\u00fcm ortakl\u0131\u011f\u0131 yapm\u0131\u015f olan firmam\u0131z elde etti\u011fi altyap\u0131 ve deneyimleri ile 2012 y\u0131l\u0131nda BEKAP ad\u0131 alt\u0131nda \u00c7elik Kap\u0131, Mutfak, \u0130\u00e7 Kap\u0131 sat\u0131\u015f\u0131na y\u00f6nelerek faaliyet alan\u0131n\u0131 geni\u015fletmi\u015ftir.<\/p>\n<p>\u00c7elik Kap\u0131, \u0130\u00e7 oda kap\u0131s\u0131, Mutfak, Banyo ve Mobilya alanlar\u0131nda yar\u0131 mam\u00fclden nihayi \u00fcr\u00fcne perakendecilik toptanc\u0131l\u0131k ve nihayetinde uluslar aras\u0131 ticaretle yurt d\u0131\u015f\u0131nda da \u00fclkesini temsil etme kabiliyetine ula\u015fm\u0131\u015ft\u0131r. Farkl\u0131 \u00e7izgiler ve kurumsal hizmet anlay\u0131\u015f\u0131 ile k\u0131sa s\u00fcrede sekt\u00f6rde aranan firmalar aras\u0131nda yerini alm\u0131\u015ft\u0131r. BEKAP standart ve \u00f6zel \u00f6l\u00e7\u00fclerle, evinize i\u015f yerinize g\u00f6re beraberce projelendirdi\u011fimiz \u00f6zel tasar\u0131mlar\u0131m\u0131zla \u00f6l\u00e7\u00fc a\u015famas\u0131ndan montaj a\u015famas\u0131na kadar t\u00fcm s\u00fcre\u00e7leri profesyonel ellerle y\u00fcr\u00fctmekte, servis ve garanti anlam\u0131nda da yapt\u0131\u011f\u0131 her i\u015fin arkas\u0131nda hassasiyetle durmaktad\u0131r.[\/vc_column_text][dfd_spacer screen_wide_spacer_size=&#8221;30&#8243; screen_normal_resolution=&#8221;1280&#8243; screen_tablet_resolution=&#8221;1024&#8243; screen_mobile_resolution=&#8221;800&#8243; screen_wide_resolution=&#8221;1280&#8243;][\/vc_column][\/vc_row][vc_row][vc_column][dfd_spacer screen_wide_spacer_size=&#8221;150&#8243; screen_normal_resolution=&#8221;1280&#8243; screen_tablet_resolution=&#8221;1024&#8243; screen_mobile_resolution=&#8221;800&#8243; screen_wide_resolution=&#8221;1280&#8243; screen_normal_spacer_size=&#8221;90&#8243; screen_tablet_spacer_size=&#8221;60&#8243; screen_mobile_spacer_size=&#8221;60&#8243;][\/vc_column][\/vc_row][vc_row dfd_row_config=&#8221;full_width_content&#8221; force_equal_height_columns=&#8221;main_row&#8221; css=&#8221;.vc_custom_1481893550167{background-color: #f2f2f2 !important;}&#8221;][vc_column width=&#8221;1\/2&#8243; dfd_column_responsive_enable=&#8221;dfd-column-responsive-enable&#8221; css=&#8221;.vc_custom_1481905026333{padding-top: 120px !important;padding-right: 3% !important;padding-bottom: 120px !important;padding-left: 20% !important;}&#8221; el_class=&#8221;custom-responcive-paddings dfd_col-tablet-12&#8243; offset=&#8221;vc_col-lg-6 vc_col-md-12 vc_col-xs-12&#8243; col_shadow=&#8221;box_shadow_enable:disable|shadow_horizontal:0|shadow_vertical:15|shadow_blur:50|shadow_spread:0|box_shadow_color:rgba(0%2C0%2C0%2C0.35)&#8221; col_shadow_hover=&#8221;box_shadow_enable:disable|shadow_horizontal:0|shadow_vertical:15|shadow_blur:50|shadow_spread:0|box_shadow_color:rgba(0%2C0%2C0%2C0.35)&#8221; responsive_styles=&#8221;padding_top_desktop:0|padding_bottom_desktop:0|padding_left_desktop:30|padding_right_desktop:30|padding_top_tablet:0|padding_bottom_tablet:0|padding_left_tablet:30|padding_right_tablet:30|padding_top_mobile:0|padding_bottom_mobile:0|padding_left_mobile:20|padding_right_mobile:20&#8243;][dfd_spacer screen_wide_spacer_size=&#8221;0&#8243; screen_normal_resolution=&#8221;1280&#8243; screen_tablet_resolution=&#8221;1024&#8243; screen_mobile_resolution=&#8221;800&#8243; screen_wide_resolution=&#8221;1280&#8243; screen_normal_spacer_size=&#8221;90&#8243; screen_tablet_spacer_size=&#8221;70&#8243; screen_mobile_spacer_size=&#8221;60&#8243;][dfd_heading style=&#8221;style_02&#8243; subtitle=&#8221;&#8221; content_alignment=&#8221;text-left&#8221; module_animation=&#8221;transition.slideLeftBigIn&#8221; enable_delimiter=&#8221;&#8221; undefined=&#8221;&#8221; title_font_options=&#8221;tag:h2|font_size:37|line_height:44|letter_spacing:-1.5&#8243; subtitle_font_options=&#8221;tag:h6|font_size:12|color:%23545454&#8243; title_responsive=&#8221;font_size_desktop:30|line_height_desktop:36|font_size_tablet:30|line_height_tablet:36|font_size_mobile:24|line_height_mobile:32&#8243; subtitle_responsive=&#8221;font_size_tablet:11|font_size_mobile:10&#8243;]Bekap Kap\u0131[\/dfd_heading][dfd_spacer screen_wide_spacer_size=&#8221;10&#8243; screen_normal_resolution=&#8221;1280&#8243; screen_tablet_resolution=&#8221;1024&#8243; screen_mobile_resolution=&#8221;800&#8243; screen_wide_resolution=&#8221;1280&#8243;][dfd_spacer screen_wide_spacer_size=&#8221;40&#8243; screen_normal_resolution=&#8221;1280&#8243; screen_tablet_resolution=&#8221;1024&#8243; screen_mobile_resolution=&#8221;800&#8243; screen_wide_resolution=&#8221;1280&#8243;][vc_column_text item_animation=&#8221;transition.slideLeftBigIn&#8221;]Halihaz\u0131rda \u0130zmir Karaba\u011flar Merkezde ma\u011fazac\u0131l\u0131k toptanc\u0131l\u0131k ve d\u0131\u015f ticaret alanlar\u0131nda faaliyet g\u00f6steren firmam\u0131z \u00f6zellikle EGE B\u00f6lgesinde bir\u00e7ok projede iddial\u0131 \u00e7\u00f6z\u00fcm ortaklar\u0131 aras\u0131nda yer alm\u0131\u015ft\u0131r. Avrupa, Orta Do\u011fu ve kuzey Afrika \u00fclkeleri ba\u015fta olmak \u00fczere bir\u00e7ok \u00fclkede distrib\u00fct\u00f6rl\u00fckleri ve sat\u0131\u015f kanallar\u0131 ile g\u00fcn ge\u00e7tik\u00e7e in\u015faat \u00fcst yap\u0131s\u0131nda pazar pay\u0131n\u0131 geni\u015fletmektedir.<\/p>\n<p>Toplu Konut Projelerinde, \u00c7elik Kap\u0131, Mutfak \u0130\u00e7 Oda Kap\u0131lar\u0131n\u0131z \u00fcretim s\u00fcrecinden montaj s\u00fcrecine kadar en d\u00fc\u015f\u00fck maliyet, en y\u00fcksek kalite, en k\u0131sa zamanlama ve \u00f6zel \u00f6deme imkanlar\u0131 ile taahh\u00fctlerinize yak\u0131n \u00e7\u00f6z\u00fcmler sunmaktad\u0131r. \u00c7\u00f6z\u00fcm orta\u011f\u0131n\u0131z BEKAP bir\u00e7ok projeye att\u0131\u011f\u0131 imza ve g\u00fc\u00e7l\u00fc referanslar ve profesyonel \u00e7\u00f6z\u00fcmler ile her zaman yan\u0131n\u0131zda.[\/vc_column_text][dfd_spacer screen_wide_spacer_size=&#8221;40&#8243; screen_normal_resolution=&#8221;1280&#8243; screen_tablet_resolution=&#8221;1024&#8243; screen_mobile_resolution=&#8221;800&#8243; screen_wide_resolution=&#8221;1280&#8243;][dfd_spacer screen_wide_spacer_size=&#8221;&#8221; screen_normal_resolution=&#8221;1280&#8243; screen_tablet_resolution=&#8221;1024&#8243; screen_mobile_resolution=&#8221;800&#8243; screen_normal_spacer_size=&#8221;40&#8243; screen_tablet_spacer_size=&#8221;40&#8243; screen_mobile_spacer_size=&#8221;40&#8243;][\/vc_column][vc_column width=&#8221;1\/2&#8243; cus_bg_position=&#8221;right bottom&#8221; cus_bg_repeat=&#8221;no-repeat&#8221; css=&#8221;.vc_custom_1601374775450{background-image: url(https:\/\/bekapkapi.com\/wp-content\/uploads\/2020\/09\/bekap-kapo.jpg?id=22363) !important;background-position: center !important;background-repeat: no-repeat !important;background-size: contain !important;}&#8221; col_shadow=&#8221;box_shadow_enable:disable|shadow_horizontal:0|shadow_vertical:15|shadow_blur:50|shadow_spread:0|box_shadow_color:rgba(0%2C0%2C0%2C0.35)&#8221; col_shadow_hover=&#8221;box_shadow_enable:disable|shadow_horizontal:0|shadow_vertical:15|shadow_blur:50|shadow_spread:0|box_shadow_color:rgba(0%2C0%2C0%2C0.35)&#8221; el_class=&#8221;dfd_col-tablet-12&#8243; offset=&#8221;vc_col-lg-6 vc_col-md-12 vc_col-xs-12&#8243;][dfd_spacer screen_wide_spacer_size=&#8221;0&#8243; screen_normal_resolution=&#8221;800&#8243; screen_tablet_resolution=&#8221;600&#8243; screen_mobile_resolution=&#8221;480&#8243; screen_wide_resolution=&#8221;1280&#8243; screen_normal_spacer_size=&#8221;400&#8243; screen_tablet_spacer_size=&#8221;300&#8243; screen_mobile_spacer_size=&#8221;200&#8243;][\/vc_column][\/vc_row][vc_row bg_check=&#8221;row-background-dark&#8221; dfd_row_responsive_enable=&#8221;dfd-row-responsive-enable&#8221; css=&#8221;.vc_custom_1483603981785{background-color: #2b2d33 !important;}&#8221; responsive_styles=&#8221;padding_left_desktop:10|padding_right_desktop:20|padding_left_tablet:20|padding_right_tablet:20|padding_left_mobile:20|padding_right_mobile:20&#8243;][vc_column width=&#8221;1\/2&#8243; el_class=&#8221;dfd_col-tablet-12&#8243; offset=&#8221;vc_col-lg-6 vc_col-md-6 vc_col-xs-12&#8243; col_shadow=&#8221;box_shadow_enable:disable|shadow_horizontal:0|shadow_vertical:15|shadow_blur:50|shadow_spread:0|box_shadow_color:rgba(0%2C0%2C0%2C0.35)&#8221; col_shadow_hover=&#8221;box_shadow_enable:disable|shadow_horizontal:0|shadow_vertical:15|shadow_blur:50|shadow_spread:0|box_shadow_color:rgba(0%2C0%2C0%2C0.35)&#8221;][dfd_spacer screen_wide_spacer_size=&#8221;80&#8243; screen_normal_resolution=&#8221;1280&#8243; screen_tablet_resolution=&#8221;1024&#8243; screen_mobile_resolution=&#8221;800&#8243; screen_wide_resolution=&#8221;1280&#8243; screen_mobile_spacer_size=&#8221;60&#8243;][dfd_single_image module_animation=&#8221;transition.slideUpBigIn&#8221; image=&#8221;20614&#8243;][\/vc_column][vc_column width=&#8221;1\/2&#8243; dfd_column_responsive_enable=&#8221;dfd-column-responsive-enable&#8221; el_class=&#8221;dfd_col-tablet-12&#8243; offset=&#8221;vc_col-lg-6 vc_col-md-6 vc_col-xs-12&#8243; col_shadow=&#8221;box_shadow_enable:disable|shadow_horizontal:0|shadow_vertical:15|shadow_blur:50|shadow_spread:0|box_shadow_color:rgba(0%2C0%2C0%2C0.35)&#8221; col_shadow_hover=&#8221;box_shadow_enable:disable|shadow_horizontal:0|shadow_vertical:15|shadow_blur:50|shadow_spread:0|box_shadow_color:rgba(0%2C0%2C0%2C0.35)&#8221; responsive_styles=&#8221;padding_left_tablet:0|padding_right_tablet:0&#8243;][dfd_spacer screen_wide_spacer_size=&#8221;180&#8243; screen_normal_resolution=&#8221;1100&#8243; screen_tablet_resolution=&#8221;1024&#8243; screen_mobile_resolution=&#8221;800&#8243; screen_wide_resolution=&#8221;1280&#8243; screen_mobile_spacer_size=&#8221;60&#8243; screen_normal_spacer_size=&#8221;130&#8243; screen_tablet_spacer_size=&#8221;80&#8243;][dfd_info_box title=&#8221;Kalite&#8221; subtitle=&#8221;&#8221; main_content=&#8221;&#8221; ic_dfd_icons=&#8221;dfd-socicon-checked-symbol&#8221; main_style=&#8221;style-1&#8243; main_layout=&#8221;layout-2&#8243; undefined=&#8221;&#8221; icon_size=&#8221;44&#8243; icon_color=&#8221;#ffffff&#8221; title_font_options=&#8221;tag:div|color:%23ffffff&#8221;][dfd_spacer screen_wide_spacer_size=&#8221;40&#8243; screen_normal_resolution=&#8221;1280&#8243; screen_tablet_resolution=&#8221;1024&#8243; screen_mobile_resolution=&#8221;800&#8243; screen_wide_resolution=&#8221;1280&#8243;][dfd_info_box title=&#8221;G\u00fcvenlik&#8221; subtitle=&#8221;&#8221; main_content=&#8221;&#8221; ic_dfd_icons=&#8221;dfd-socicon-checked-symbol&#8221; main_style=&#8221;style-1&#8243; main_layout=&#8221;layout-2&#8243; undefined=&#8221;&#8221; icon_size=&#8221;44&#8243; icon_color=&#8221;#ffffff&#8221; title_font_options=&#8221;tag:div|color:%23ffffff&#8221;][dfd_spacer screen_wide_spacer_size=&#8221;40&#8243; screen_normal_resolution=&#8221;1280&#8243; screen_tablet_resolution=&#8221;1024&#8243; screen_mobile_resolution=&#8221;800&#8243; screen_wide_resolution=&#8221;1280&#8243;][dfd_info_box title=&#8221;Uzun \u00d6m\u00fcr&#8221; subtitle=&#8221;&#8221; main_content=&#8221;&#8221; ic_dfd_icons=&#8221;dfd-socicon-checked-symbol&#8221; main_style=&#8221;style-1&#8243; main_layout=&#8221;layout-2&#8243; undefined=&#8221;&#8221; icon_size=&#8221;44&#8243; icon_color=&#8221;#ffffff&#8221; title_font_options=&#8221;tag:div|color:%23ffffff&#8221;][dfd_spacer screen_wide_spacer_size=&#8221;40&#8243; screen_normal_resolution=&#8221;1280&#8243; screen_tablet_resolution=&#8221;1024&#8243; screen_mobile_resolution=&#8221;800&#8243; screen_wide_resolution=&#8221;1280&#8243;][dfd_info_box title=&#8221;Estetik&#8221; subtitle=&#8221;&#8221; main_content=&#8221;&#8221; ic_dfd_icons=&#8221;dfd-socicon-checked-symbol&#8221; main_style=&#8221;style-1&#8243; main_layout=&#8221;layout-2&#8243; undefined=&#8221;&#8221; icon_size=&#8221;44&#8243; icon_color=&#8221;#ffffff&#8221; title_font_options=&#8221;tag:div|color:%23ffffff&#8221;][dfd_spacer screen_wide_spacer_size=&#8221;40&#8243; screen_normal_resolution=&#8221;1280&#8243; screen_tablet_resolution=&#8221;1024&#8243; screen_mobile_resolution=&#8221;800&#8243; screen_wide_resolution=&#8221;1280&#8243;][dfd_info_box title=&#8221;Y\u00fcksek derecede enerji verimlili\u011fi&#8221; subtitle=&#8221;&#8221; main_content=&#8221;&#8221; ic_dfd_icons=&#8221;dfd-socicon-checked-symbol&#8221; main_style=&#8221;style-1&#8243; main_layout=&#8221;layout-2&#8243; undefined=&#8221;&#8221; icon_size=&#8221;44&#8243; icon_color=&#8221;#ffffff&#8221; title_font_options=&#8221;tag:div|color:%23ffffff&#8221;][dfd_spacer screen_wide_spacer_size=&#8221;40&#8243; screen_normal_resolution=&#8221;1280&#8243; screen_tablet_resolution=&#8221;1024&#8243; screen_mobile_resolution=&#8221;800&#8243; screen_wide_resolution=&#8221;1280&#8243;][dfd_info_box title=&#8221;Dayan\u0131kl\u0131l\u0131k&#8221; subtitle=&#8221;&#8221; main_content=&#8221;&#8221; ic_dfd_icons=&#8221;dfd-socicon-checked-symbol&#8221; main_style=&#8221;style-1&#8243; main_layout=&#8221;layout-2&#8243; undefined=&#8221;&#8221; icon_size=&#8221;44&#8243; icon_color=&#8221;#ffffff&#8221; title_font_options=&#8221;tag:div|color:%23ffffff&#8221;][dfd_spacer screen_wide_spacer_size=&#8221;40&#8243; screen_normal_resolution=&#8221;1280&#8243; screen_tablet_resolution=&#8221;1024&#8243; screen_mobile_resolution=&#8221;800&#8243; screen_wide_resolution=&#8221;1280&#8243;][dfd_info_box title=&#8221;Bak\u0131m kolayl\u0131\u011f\u0131&#8221; subtitle=&#8221;&#8221; main_content=&#8221;&#8221; ic_dfd_icons=&#8221;dfd-socicon-checked-symbol&#8221; main_style=&#8221;style-1&#8243; main_layout=&#8221;layout-2&#8243; undefined=&#8221;&#8221; icon_size=&#8221;44&#8243; icon_color=&#8221;#ffffff&#8221; title_font_options=&#8221;tag:div|color:%23ffffff&#8221;][dfd_spacer screen_wide_spacer_size=&#8221;0&#8243; screen_normal_resolution=&#8221;1280&#8243; screen_tablet_resolution=&#8221;1024&#8243; screen_mobile_resolution=&#8221;800&#8243; screen_tablet_spacer_size=&#8221;80&#8243; screen_mobile_spacer_size=&#8221;60&#8243;][\/vc_column][\/vc_row]<\/p>\n","protected":false},"excerpt":{"rendered":"<p>[vc_row][vc_column][dfd_spacer screen_wide_spacer_size=&#8221;150&#8243; screen_normal_resolution=&#8221;1280&#8243; screen_tablet_resolution=&#8221;1024&#8243; screen_mobile_resolution=&#8221;800&#8243; screen_wide_resolution=&#8221;1280&#8243; screen_normal_spacer_size=&#8221;90&#8243; screen_tablet_spacer_size=&#8221;60&#8243; screen_mobile_spacer_size=&#8221;60&#8243;][\/vc_column][\/vc_row][vc_row dfd_row_responsive_enable=&#8221;dfd-row-responsive-enable&#8221; responsive_styles=&#8221;padding_left_desktop:10|padding_right_desktop:10|padding_left_tablet:10|padding_right_tablet:10|padding_left_mobile:20|padding_right_mobile:20&#8243;][vc_column width=&#8221;1\/2&#8243; col_shadow=&#8221;box_shadow_enable:disable|shadow_horizontal:0|shadow_vertical:15|shadow_blur:50|shadow_spread:0|box_shadow_color:rgba(0%2C0%2C0%2C0.35)&#8221; col_shadow_hover=&#8221;box_shadow_enable:disable|shadow_horizontal:0|shadow_vertical:15|shadow_blur:50|shadow_spread:0|box_shadow_color:rgba(0%2C0%2C0%2C0.35)&#8221; el_class=&#8221;dfd_col-tablet-12&#8243; offset=&#8221;vc_col-lg-6 vc_col-md-6 vc_col-xs-12&#8243;][dfd_single_image hover_style=&#8221;dfd-image-shadow&#8221; box_shadow=&#8221;box_shadow_enable:enable|shadow_horizontal:10|shadow_vertical:15|shadow_blur:50|shadow_spread:0|box_shadow_color:rgba(86%2C86%2C86%2C0.42)&#8221; hover_box_shadow=&#8221;box_shadow_enable:disable|shadow_horizontal:0|shadow_vertical:15|shadow_blur:50|shadow_spread:0|box_shadow_color:rgba(0%2C0%2C0%2C0.35)&#8221; image=&#8221;22362&#8243; enable_link=&#8221;yes&#8221; img_rounded=&#8221;11&#8243; tutorials=&#8221;&#8221;][\/vc_column][vc_column width=&#8221;1\/2&#8243; el_class=&#8221;dfd_col-tablet-12&#8243; offset=&#8221;vc_col-lg-6 vc_col-md-6 vc_col-xs-12&#8243;<\/p>\n","protected":false},"author":1,"featured_media":0,"parent":0,"menu_order":0,"comment_status":"closed","ping_status":"closed","template":"tmp-page.php","meta":{"footnotes":""},"class_list":["post-20509","page","type-page","status-publish","hentry"],"_links":{"self":[{"href":"https:\/\/bekapkapi.com\/index.php?rest_route=\/wp\/v2\/pages\/20509","targetHints":{"allow":["GET"]}}],"collection":[{"href":"https:\/\/bekapkapi.com\/index.php?rest_route=\/wp\/v2\/pages"}],"about":[{"href":"https:\/\/bekapkapi.com\/index.php?rest_route=\/wp\/v2\/types\/page"}],"author":[{"embeddable":true,"href":"https:\/\/bekapkapi.com\/index.php?rest_route=\/wp\/v2\/users\/1"}],"replies":[{"embeddable":true,"href":"https:\/\/bekapkapi.com\/index.php?rest_route=%2Fwp%2Fv2%2Fcomments&post=20509"}],"version-history":[{"count":16,"href":"https:\/\/bekapkapi.com\/index.php?rest_route=\/wp\/v2\/pages\/20509\/revisions"}],"predecessor-version":[{"id":22364,"href":"https:\/\/bekapkapi.com\/index.php?rest_route=\/wp\/v2\/pages\/20509\/revisions\/22364"}],"wp:attachment":[{"href":"https:\/\/bekapkapi.com\/index.php?rest_route=%2Fwp%2Fv2%2Fmedia&parent=20509"}],"curies":[{"name":"wp","href":"https:\/\/api.w.org\/{rel}","templated":true}]}}